{"id":3156,"date":"2022-02-13T22:00:59","date_gmt":"2022-02-14T01:00:59","guid":{"rendered":"https:\/\/jadnalima.com\/?page_id=3156"},"modified":"2022-08-11T15:21:32","modified_gmt":"2022-08-11T18:21:32","slug":"contato-produto","status":"publish","type":"page","link":"https:\/\/jadnalima.com\/es\/contato-produto","title":{"rendered":"Contato Produto"},"content":{"rendered":"<div data-elementor-type=\"wp-page\" data-elementor-id=\"3156\" class=\"elementor elementor-3156\">\n\t\t\t\t\t\t<section class=\"elementor-section elementor-top-section elementor-element elementor-element-b69d51d elementor-section-boxed elementor-section-height-default elementor-section-height-default\" data-id=\"b69d51d\" data-element_type=\"section\">\n\t\t\t\t\t\t<div class=\"elementor-container elementor-column-gap-default\">\n\t\t\t\t\t<div class=\"elementor-column elementor-col-100 elementor-top-column elementor-element elementor-element-6995088\" data-id=\"6995088\" data-element_type=\"column\">\n\t\t\t<div class=\"elementor-widget-wrap elementor-element-populated\">\n\t\t\t\t\t\t<div class=\"elementor-element elementor-element-4896f52 elementor-widget elementor-widget-Olbia_Contact_Widget\" data-id=\"4896f52\" data-element_type=\"widget\" data-widget_type=\"Olbia_Contact_Widget.default\">\n\t\t\t\t<div class=\"elementor-widget-container\">\n\t\t\t\t\t\n\t\t\t\t\t\t<div class=\"olbia-contact\">\n\t\t\t\t<div class=\"container\">\n\t\t\t\t\t\n\t\t\t\t\t\t\t\t\t\t\n\t\t\t\t\t<div class=\"row\">\n\t\t\t\t\t\t<div class=\"col-lg-6 col-xl-5\">\n\t\t\t\t\t\t\t\t\t\t\t\t\t\t\t<div class=\"olbia-contact__picture wow fadeIn\">\n\t\t\t\t\t\t\t\t\t\t\t\t\t\t\t\t\t\t\t\t\t\t\t\t\t<img fetchpriority=\"high\" decoding=\"async\" class=\"olbia-lazy olbia-lazy--expectation\" width=\"430\" height=\"672\" src=\"https:\/\/jadnalima.com\/wp-content\/uploads\/2022\/02\/Sem-Titulo-1.jpg\" data-src=\"https:\/\/jadnalima.com\/wp-content\/uploads\/2022\/02\/Sem-Titulo-1.jpg\" data-srcset=\"https:\/\/jadnalima.com\/wp-content\/uploads\/2022\/02\/Sem-Titulo-1.jpg 430w, https:\/\/jadnalima.com\/wp-content\/uploads\/2022\/02\/Sem-Titulo-1-192x300.jpg 192w, https:\/\/jadnalima.com\/wp-content\/uploads\/2022\/02\/Sem-Titulo-1-8x12.jpg 8w, https:\/\/jadnalima.com\/wp-content\/uploads\/2022\/02\/Sem-Titulo-1-224x350.jpg 224w, https:\/\/jadnalima.com\/wp-content\/uploads\/2022\/02\/Sem-Titulo-1-320x500.jpg 320w\" data-sizes=\"(max-width: 430px) 100vw, 430px\" alt=\"\">\n\t\t\t\t\t\t\t\t\t\t\t\t\t\t\t\t<\/div>\n\t\t\t\t\t\t\t\t\t\t\t\t\t<\/div>\n\t\t\t\t\t\t<div class=\"col-lg-6 col-xl-5\">\n\t\t\t\t\t\t\t<div class=\"olbia-contact-form wow fadeIn\">\n\t\t\t\t\t\t\t\t\n\t\t\t\t\t\t\t\t\t\t\t\t\t\t\t\t\t<h3 class=\"olbia-contact-form__title\">\n\t\t\t\t\t\t\t\t\tProduto\t\t\t\t\t\t\t\t\t<\/h3>\n\t\t\t\t\t\t\t\t\t\t\t\t\t\t\t\t\n\t\t\t\t\t\t\t\t\t\t\t\t\t\t\t\t\t\t\t\t\t\t\t\t\t\t\n<div class=\"wpcf7 no-js\" id=\"wpcf7-f3155-o1\" lang=\"pt-BR\" dir=\"ltr\" data-wpcf7-id=\"3155\">\n<div class=\"screen-reader-response\"><p role=\"status\" aria-live=\"polite\" aria-atomic=\"true\"><\/p> <ul><\/ul><\/div>\n<form action=\"\/es\/wp-json\/wp\/v2\/pages\/3156#wpcf7-f3155-o1\" method=\"post\" class=\"wpcf7-form init\" aria-label=\"Formul\u00e1rios de contato\" novalidate=\"novalidate\" data-status=\"init\" data-trp-original-action=\"\/es\/wp-json\/wp\/v2\/pages\/3156#wpcf7-f3155-o1\">\n<div style=\"display: none;\">\n<input type=\"hidden\" name=\"_wpcf7\" value=\"3155\" \/>\n<input type=\"hidden\" name=\"_wpcf7_version\" value=\"6.0.6\" \/>\n<input type=\"hidden\" name=\"_wpcf7_locale\" value=\"pt_BR\" \/>\n<input type=\"hidden\" name=\"_wpcf7_unit_tag\" value=\"wpcf7-f3155-o1\" \/>\n<input type=\"hidden\" name=\"_wpcf7_container_post\" value=\"0\" \/>\n<input type=\"hidden\" name=\"_wpcf7_posted_data_hash\" value=\"\" \/>\n<\/div>\n<p><label> Seu nome<br \/>\n<span class=\"wpcf7-form-control-wrap\" data-name=\"your-name\"><input size=\"40\" maxlength=\"400\" class=\"wpcf7-form-control wpcf7-text wpcf7-validates-as-required\" aria-required=\"true\" aria-invalid=\"false\" value=\"\" type=\"text\" name=\"your-name\" \/><\/span> <\/label>\n<\/p>\n<p><label> Seu e-mail<br \/>\n<span class=\"wpcf7-form-control-wrap\" data-name=\"your-email\"><input size=\"40\" maxlength=\"400\" class=\"wpcf7-form-control wpcf7-email wpcf7-validates-as-required wpcf7-text wpcf7-validates-as-email\" aria-required=\"true\" aria-invalid=\"false\" value=\"\" type=\"email\" name=\"your-email\" \/><\/span> <\/label>\n<\/p>\n<p><label> Assunto<br \/>\n<span class=\"wpcf7-form-control-wrap\" data-name=\"your-subject\"><input size=\"40\" maxlength=\"400\" class=\"wpcf7-form-control wpcf7-text wpcf7-validates-as-required\" aria-required=\"true\" aria-invalid=\"false\" value=\"\" type=\"text\" name=\"your-subject\" \/><\/span> <\/label>\n<\/p>\n<p><label> Sua mensagem (opcional)<br \/>\n<span class=\"wpcf7-form-control-wrap\" data-name=\"your-message\"><textarea cols=\"40\" rows=\"10\" maxlength=\"2000\" class=\"wpcf7-form-control wpcf7-textarea\" aria-invalid=\"false\" name=\"your-message\"><\/textarea><\/span> <\/label>\n<\/p>\n<input class=\"wpcf7-form-control wpcf7-hidden\" value=\"Previous link\" type=\"hidden\" name=\"product\" \/>\n<p><input class=\"wpcf7-form-control wpcf7-submit has-spinner\" type=\"submit\" value=\"Mandar\" \/>\n<\/p><div class=\"wpcf7-response-output\" aria-hidden=\"true\"><\/div>\n<input type=\"hidden\" name=\"trp-form-language\" value=\"es\"\/><\/form>\n<\/div>\n\t\t\t\t\t\t\t\t\t\t\t\t\t\t\t\t\n\t\t\t\t\t\t\t<\/div>\n\t\t\t\t\t\t<\/div>\n\t\t\t\t\t<\/div>\n\t\t\t\t<\/div>\n\t\t\t<\/div>\n\t\t\t\t\t\t\t\t\t\t<\/div>\n\t\t\t\t<\/div>\n\t\t\t\t\t<\/div>\n\t\t<\/div>\n\t\t\t\t\t<\/div>\n\t\t<\/section>\n\t\t\t\t<\/div>","protected":false},"excerpt":{"rendered":"<p>Produto Seu nome Seu e-mail Assunto Sua mensagem (opcional)<\/p>","protected":false},"author":1,"featured_media":0,"parent":0,"menu_order":0,"comment_status":"closed","ping_status":"closed","template":"","meta":{"footnotes":""},"class_list":["post-3156","page","type-page","status-publish","hentry"],"yoast_head":"<!-- This site is optimized with the Yoast SEO plugin v27.2 - https:\/\/yoast.com\/product\/yoast-seo-wordpress\/ -->\n<title>Contato Produto - Jadna Lima - Fot\u00f3grafo Brasileiro em Buenos Aires<\/title>\n<meta name=\"description\" content=\"A fot\u00f3grafa Jadna Lima Brasileira, Alagoana, radicada em Buenos Aires. Retratando a vida e contando hist\u00f3rias de amor! Ainda n\u00e3o lhe conhe\u00e7o, mas acredito que o que te fez chegar aqui foi \u00e0 busca por um excelente fot\u00f3grafo brasileiro em Buenos Aires a fim de registrar sua viagem t\u00e3o especial. Se voc\u00ea quer viver uma...\" \/>\n<meta name=\"robots\" content=\"index, follow, max-snippet:-1, max-image-preview:large, max-video-preview:-1\" \/>\n<link rel=\"canonical\" href=\"https:\/\/jadnalima.com\/es\/contato-produto\/\" \/>\n<meta property=\"og:locale\" content=\"es_ES\" \/>\n<meta property=\"og:type\" content=\"article\" \/>\n<meta property=\"og:title\" content=\"Contato Produto - Jadna Lima - Fot\u00f3grafo Brasileiro em Buenos Aires\" \/>\n<meta property=\"og:description\" content=\"A fot\u00f3grafa Jadna Lima Brasileira, Alagoana, radicada em Buenos Aires. Retratando a vida e contando hist\u00f3rias de amor! Ainda n\u00e3o lhe conhe\u00e7o, mas acredito que o que te fez chegar aqui foi \u00e0 busca por um excelente fot\u00f3grafo brasileiro em Buenos Aires a fim de registrar sua viagem t\u00e3o especial. Se voc\u00ea quer viver uma...\" \/>\n<meta property=\"og:url\" content=\"https:\/\/jadnalima.com\/es\/contato-produto\/\" \/>\n<meta property=\"og:site_name\" content=\"Jadna Lima - Fot\u00f3grafo Brasileiro em Buenos Aires\" \/>\n<meta property=\"article:modified_time\" content=\"2022-08-11T18:21:32+00:00\" \/>\n<meta property=\"og:image\" content=\"https:\/\/jadnalima.com\/wp-content\/uploads\/2022\/02\/Sem-Titulo-1.jpg\" \/>\n<meta name=\"twitter:card\" content=\"summary_large_image\" \/>\n<meta name=\"twitter:label1\" content=\"Tiempo de lectura\" \/>\n\t<meta name=\"twitter:data1\" content=\"1 minuto\" \/>\n<script type=\"application\/ld+json\" class=\"yoast-schema-graph\">{\"@context\":\"https:\/\/schema.org\",\"@graph\":[{\"@type\":\"WebPage\",\"@id\":\"https:\/\/jadnalima.com\/contato-produto\",\"url\":\"https:\/\/jadnalima.com\/contato-produto\",\"name\":\"Contato Produto - Jadna Lima - Fot\u00f3grafo Brasileiro em Buenos Aires\",\"isPartOf\":{\"@id\":\"https:\/\/jadnalima.com\/#website\"},\"primaryImageOfPage\":{\"@id\":\"https:\/\/jadnalima.com\/contato-produto#primaryimage\"},\"image\":{\"@id\":\"https:\/\/jadnalima.com\/contato-produto#primaryimage\"},\"thumbnailUrl\":\"https:\/\/jadnalima.com\/wp-content\/uploads\/2022\/02\/Sem-Titulo-1.jpg\",\"datePublished\":\"2022-02-14T01:00:59+00:00\",\"dateModified\":\"2022-08-11T18:21:32+00:00\",\"description\":\"A fot\u00f3grafa Jadna Lima Brasileira, Alagoana, radicada em Buenos Aires. Retratando a vida e contando hist\u00f3rias de amor! Ainda n\u00e3o lhe conhe\u00e7o, mas acredito que o que te fez chegar aqui foi \u00e0 busca por um excelente fot\u00f3grafo brasileiro em Buenos Aires a fim de registrar sua viagem t\u00e3o especial. Se voc\u00ea quer viver uma...\",\"breadcrumb\":{\"@id\":\"https:\/\/jadnalima.com\/contato-produto#breadcrumb\"},\"inLanguage\":\"es\",\"potentialAction\":[{\"@type\":\"ReadAction\",\"target\":[\"https:\/\/jadnalima.com\/contato-produto\"]}]},{\"@type\":\"ImageObject\",\"inLanguage\":\"es\",\"@id\":\"https:\/\/jadnalima.com\/contato-produto#primaryimage\",\"url\":\"https:\/\/jadnalima.com\/wp-content\/uploads\/2022\/02\/Sem-Titulo-1.jpg\",\"contentUrl\":\"https:\/\/jadnalima.com\/wp-content\/uploads\/2022\/02\/Sem-Titulo-1.jpg\"},{\"@type\":\"BreadcrumbList\",\"@id\":\"https:\/\/jadnalima.com\/contato-produto#breadcrumb\",\"itemListElement\":[{\"@type\":\"ListItem\",\"position\":1,\"name\":\"In\u00edcio\",\"item\":\"https:\/\/jadnalima.com\/\"},{\"@type\":\"ListItem\",\"position\":2,\"name\":\"Contato Produto\"}]},{\"@type\":\"WebSite\",\"@id\":\"https:\/\/jadnalima.com\/#website\",\"url\":\"https:\/\/jadnalima.com\/\",\"name\":\"Jadna Lima - Fot\u00f3grafo Brasileiro em Buenos Aires\",\"description\":\"Jadna Lima fot\u00f3grafa brasileira em Buenos Aires. Ensaio casal, fam\u00edlia, grupos ou individual. Fotos casamento, elopement wedding, mini casamento e renova\u00e7\u00e3o de votos\",\"potentialAction\":[{\"@type\":\"SearchAction\",\"target\":{\"@type\":\"EntryPoint\",\"urlTemplate\":\"https:\/\/jadnalima.com\/?s={search_term_string}\"},\"query-input\":{\"@type\":\"PropertyValueSpecification\",\"valueRequired\":true,\"valueName\":\"search_term_string\"}}],\"inLanguage\":\"es\"}]}<\/script>\n<!-- \/ Yoast SEO plugin. -->","yoast_head_json":{"title":"Contato Produto - Jadna Lima - Fot\u00f3grafo Brasileiro em Buenos Aires","description":"A fot\u00f3grafa Jadna Lima Brasileira, Alagoana, radicada em Buenos Aires. Retratando a vida e contando hist\u00f3rias de amor! Ainda n\u00e3o lhe conhe\u00e7o, mas acredito que o que te fez chegar aqui foi \u00e0 busca por um excelente fot\u00f3grafo brasileiro em Buenos Aires a fim de registrar sua viagem t\u00e3o especial. Se voc\u00ea quer viver uma...","robots":{"index":"index","follow":"follow","max-snippet":"max-snippet:-1","max-image-preview":"max-image-preview:large","max-video-preview":"max-video-preview:-1"},"canonical":"https:\/\/jadnalima.com\/es\/contato-produto\/","og_locale":"es_ES","og_type":"article","og_title":"Contato Produto - Jadna Lima - Fot\u00f3grafo Brasileiro em Buenos Aires","og_description":"A fot\u00f3grafa Jadna Lima Brasileira, Alagoana, radicada em Buenos Aires. Retratando a vida e contando hist\u00f3rias de amor! Ainda n\u00e3o lhe conhe\u00e7o, mas acredito que o que te fez chegar aqui foi \u00e0 busca por um excelente fot\u00f3grafo brasileiro em Buenos Aires a fim de registrar sua viagem t\u00e3o especial. Se voc\u00ea quer viver uma...","og_url":"https:\/\/jadnalima.com\/es\/contato-produto\/","og_site_name":"Jadna Lima - Fot\u00f3grafo Brasileiro em Buenos Aires","article_modified_time":"2022-08-11T18:21:32+00:00","og_image":[{"url":"https:\/\/jadnalima.com\/wp-content\/uploads\/2022\/02\/Sem-Titulo-1.jpg","type":"","width":"","height":""}],"twitter_card":"summary_large_image","twitter_misc":{"Tiempo de lectura":"1 minuto"},"schema":{"@context":"https:\/\/schema.org","@graph":[{"@type":"WebPage","@id":"https:\/\/jadnalima.com\/contato-produto","url":"https:\/\/jadnalima.com\/contato-produto","name":"Contato Produto - Jadna Lima - Fot\u00f3grafo Brasileiro em Buenos Aires","isPartOf":{"@id":"https:\/\/jadnalima.com\/#website"},"primaryImageOfPage":{"@id":"https:\/\/jadnalima.com\/contato-produto#primaryimage"},"image":{"@id":"https:\/\/jadnalima.com\/contato-produto#primaryimage"},"thumbnailUrl":"https:\/\/jadnalima.com\/wp-content\/uploads\/2022\/02\/Sem-Titulo-1.jpg","datePublished":"2022-02-14T01:00:59+00:00","dateModified":"2022-08-11T18:21:32+00:00","description":"A fot\u00f3grafa Jadna Lima Brasileira, Alagoana, radicada em Buenos Aires. Retratando a vida e contando hist\u00f3rias de amor! Ainda n\u00e3o lhe conhe\u00e7o, mas acredito que o que te fez chegar aqui foi \u00e0 busca por um excelente fot\u00f3grafo brasileiro em Buenos Aires a fim de registrar sua viagem t\u00e3o especial. Se voc\u00ea quer viver uma...","breadcrumb":{"@id":"https:\/\/jadnalima.com\/contato-produto#breadcrumb"},"inLanguage":"es","potentialAction":[{"@type":"ReadAction","target":["https:\/\/jadnalima.com\/contato-produto"]}]},{"@type":"ImageObject","inLanguage":"es","@id":"https:\/\/jadnalima.com\/contato-produto#primaryimage","url":"https:\/\/jadnalima.com\/wp-content\/uploads\/2022\/02\/Sem-Titulo-1.jpg","contentUrl":"https:\/\/jadnalima.com\/wp-content\/uploads\/2022\/02\/Sem-Titulo-1.jpg"},{"@type":"BreadcrumbList","@id":"https:\/\/jadnalima.com\/contato-produto#breadcrumb","itemListElement":[{"@type":"ListItem","position":1,"name":"In\u00edcio","item":"https:\/\/jadnalima.com\/"},{"@type":"ListItem","position":2,"name":"Contato Produto"}]},{"@type":"WebSite","@id":"https:\/\/jadnalima.com\/#website","url":"https:\/\/jadnalima.com\/","name":"Jadna Lima - Fot\u00f3grafo Brasileiro em Buenos Aires","description":"Jadna Lima fot\u00f3grafa brasileira em Buenos Aires. Ensaio casal, fam\u00edlia, grupos ou individual. Fotos casamento, elopement wedding, mini casamento e renova\u00e7\u00e3o de votos","potentialAction":[{"@type":"SearchAction","target":{"@type":"EntryPoint","urlTemplate":"https:\/\/jadnalima.com\/?s={search_term_string}"},"query-input":{"@type":"PropertyValueSpecification","valueRequired":true,"valueName":"search_term_string"}}],"inLanguage":"es"}]}},"_links":{"self":[{"href":"https:\/\/jadnalima.com\/es\/wp-json\/wp\/v2\/pages\/3156","targetHints":{"allow":["GET"]}}],"collection":[{"href":"https:\/\/jadnalima.com\/es\/wp-json\/wp\/v2\/pages"}],"about":[{"href":"https:\/\/jadnalima.com\/es\/wp-json\/wp\/v2\/types\/page"}],"author":[{"embeddable":true,"href":"https:\/\/jadnalima.com\/es\/wp-json\/wp\/v2\/users\/1"}],"replies":[{"embeddable":true,"href":"https:\/\/jadnalima.com\/es\/wp-json\/wp\/v2\/comments?post=3156"}],"version-history":[{"count":11,"href":"https:\/\/jadnalima.com\/es\/wp-json\/wp\/v2\/pages\/3156\/revisions"}],"predecessor-version":[{"id":11226,"href":"https:\/\/jadnalima.com\/es\/wp-json\/wp\/v2\/pages\/3156\/revisions\/11226"}],"wp:attachment":[{"href":"https:\/\/jadnalima.com\/es\/wp-json\/wp\/v2\/media?parent=3156"}],"curies":[{"name":"wp","href":"https:\/\/api.w.org\/{rel}","templated":true}]}}