{"id":3004,"date":"2022-02-06T20:20:19","date_gmt":"2022-02-06T23:20:19","guid":{"rendered":"https:\/\/jadnalima.com\/?page_id=3004"},"modified":"2022-08-11T15:21:13","modified_gmt":"2022-08-11T18:21:13","slug":"assessoria-on-line","status":"publish","type":"page","link":"https:\/\/jadnalima.com\/es\/assessoria-on-line","title":{"rendered":"ASSESORIA ON-LINE PR\u00c9 VIAGEM"},"content":{"rendered":"<div data-elementor-type=\"wp-page\" data-elementor-id=\"3004\" class=\"elementor elementor-3004\">\n\t\t\t\t\t\t<section class=\"elementor-section elementor-top-section elementor-element elementor-element-49e5b202 elementor-section-boxed elementor-section-height-default elementor-section-height-default\" data-id=\"49e5b202\" data-element_type=\"section\">\n\t\t\t\t\t\t<div class=\"elementor-container elementor-column-gap-default\">\n\t\t\t\t\t<div class=\"elementor-column elementor-col-100 elementor-top-column elementor-element elementor-element-2e1a074f\" data-id=\"2e1a074f\" data-element_type=\"column\">\n\t\t\t<div class=\"elementor-widget-wrap elementor-element-populated\">\n\t\t\t\t\t\t<div class=\"elementor-element elementor-element-719c37d elementor-widget elementor-widget-heading\" data-id=\"719c37d\" data-element_type=\"widget\" data-widget_type=\"heading.default\">\n\t\t\t\t<div class=\"elementor-widget-container\">\n\t\t\t\t\t<h1 class=\"elementor-heading-title elementor-size-default translation-block\"><a href=\"https:\/\/jadnalima.com\/es\/assessoria-on-line\/\" target=\"_self\">ASSESSORIA ON-LINE<\/a><\/h1>\t\t\t\t<\/div>\n\t\t\t\t<\/div>\n\t\t\t\t\t<\/div>\n\t\t<\/div>\n\t\t\t\t\t<\/div>\n\t\t<\/section>\n\t\t\t\t<section class=\"elementor-section elementor-top-section elementor-element elementor-element-2ea6c51c elementor-section-content-middle elementor-section-boxed elementor-section-height-default elementor-section-height-default\" data-id=\"2ea6c51c\" data-element_type=\"section\">\n\t\t\t\t\t\t<div class=\"elementor-container elementor-column-gap-no\">\n\t\t\t\t\t<div class=\"elementor-column elementor-col-100 elementor-top-column elementor-element elementor-element-4e055023\" data-id=\"4e055023\" data-element_type=\"column\">\n\t\t\t<div class=\"elementor-widget-wrap elementor-element-populated\">\n\t\t\t\t\t\t<div class=\"elementor-element elementor-element-518b1461 elementor-widget elementor-widget-text-editor\" data-id=\"518b1461\" data-element_type=\"widget\" data-widget_type=\"text-editor.default\">\n\t\t\t\t<div class=\"elementor-widget-container\">\n\t\t\t\t\t\t\t\t\tMuitas d\u00favidas surgem ao organizar uma viagem e com toda minha viv\u00eancia nasceu a necessidade de auxiliar pessoas a montarem sua viagem de maneira mais prudente e confi\u00e1vel. Nada melhor que ter uma assessoria on-line pr\u00e9 viagem com algu\u00e9m de confian\u00e7a e que vive em Buenos Aires.\t\t\t\t\t\t\t\t<\/div>\n\t\t\t\t<\/div>\n\t\t\t\t\t<\/div>\n\t\t<\/div>\n\t\t\t\t\t<\/div>\n\t\t<\/section>\n\t\t\t\t<section class=\"elementor-section elementor-top-section elementor-element elementor-element-44c4a0c7 elementor-section-content-middle elementor-section-boxed elementor-section-height-default elementor-section-height-default\" data-id=\"44c4a0c7\" data-element_type=\"section\">\n\t\t\t\t\t\t<div class=\"elementor-container elementor-column-gap-no\">\n\t\t\t\t\t<div class=\"elementor-column elementor-col-100 elementor-top-column elementor-element elementor-element-587863e4\" data-id=\"587863e4\" data-element_type=\"column\">\n\t\t\t<div class=\"elementor-widget-wrap elementor-element-populated\">\n\t\t\t\t\t\t<div class=\"elementor-element elementor-element-74e5e3bd elementor-widget elementor-widget-heading\" data-id=\"74e5e3bd\" data-element_type=\"widget\" data-widget_type=\"heading.default\">\n\t\t\t\t<div class=\"elementor-widget-container\">\n\t\t\t\t\t<h5 class=\"elementor-heading-title elementor-size-default\">Perguntas mais frequentes<\/h5>\t\t\t\t<\/div>\n\t\t\t\t<\/div>\n\t\t\t\t<section class=\"elementor-section elementor-inner-section elementor-element elementor-element-1ec486a9 elementor-section-content-top elementor-section-boxed elementor-section-height-default elementor-section-height-default\" data-id=\"1ec486a9\" data-element_type=\"section\">\n\t\t\t\t\t\t<div class=\"elementor-container elementor-column-gap-no\">\n\t\t\t\t\t<div class=\"elementor-column elementor-col-100 elementor-inner-column elementor-element elementor-element-c274ec3\" data-id=\"c274ec3\" data-element_type=\"column\">\n\t\t\t<div class=\"elementor-widget-wrap elementor-element-populated\">\n\t\t\t\t\t\t<div class=\"elementor-element elementor-element-c5aa7e7 elementor-widget elementor-widget-heading\" data-id=\"c5aa7e7\" data-element_type=\"widget\" data-widget_type=\"heading.default\">\n\t\t\t\t<div class=\"elementor-widget-container\">\n\t\t\t\t\t<h4 class=\"elementor-heading-title elementor-size-default\">O que \u00e9 assessoria on-line? <\/h4>\t\t\t\t<\/div>\n\t\t\t\t<\/div>\n\t\t\t\t<div class=\"elementor-element elementor-element-bdd1048 elementor-widget elementor-widget-text-editor\" data-id=\"bdd1048\" data-element_type=\"widget\" data-widget_type=\"text-editor.default\">\n\t\t\t\t<div class=\"elementor-widget-container\">\n\t\t\t\t\t\t\t\t\tNada mais \u00e9 doque uma video chamada com dura\u00e7ao de 1:30h, onde iremos esclarecer todas suas d\u00favidas com relacao seu planejamento da viagem. Anote antecipamente todas suas d\u00favidas e aproveite melhor o horario disponivel.\t\t\t\t\t\t\t\t<\/div>\n\t\t\t\t<\/div>\n\t\t\t\t\t<\/div>\n\t\t<\/div>\n\t\t\t\t\t<\/div>\n\t\t<\/section>\n\t\t\t\t<section class=\"elementor-section elementor-inner-section elementor-element elementor-element-a267342 elementor-section-content-top elementor-section-boxed elementor-section-height-default elementor-section-height-default\" data-id=\"a267342\" data-element_type=\"section\">\n\t\t\t\t\t\t<div class=\"elementor-container elementor-column-gap-no\">\n\t\t\t\t\t<div class=\"elementor-column elementor-col-100 elementor-inner-column elementor-element elementor-element-d21ca4a\" data-id=\"d21ca4a\" data-element_type=\"column\">\n\t\t\t<div class=\"elementor-widget-wrap elementor-element-populated\">\n\t\t\t\t\t\t<div class=\"elementor-element elementor-element-22996c7 elementor-widget elementor-widget-heading\" data-id=\"22996c7\" data-element_type=\"widget\" data-widget_type=\"heading.default\">\n\t\t\t\t<div class=\"elementor-widget-container\">\n\t\t\t\t\t<h4 class=\"elementor-heading-title elementor-size-default\">Qual objetivo da asssessoria?<\/h4>\t\t\t\t<\/div>\n\t\t\t\t<\/div>\n\t\t\t\t<div class=\"elementor-element elementor-element-a668c88 elementor-widget elementor-widget-text-editor\" data-id=\"a668c88\" data-element_type=\"widget\" data-widget_type=\"text-editor.default\">\n\t\t\t\t<div class=\"elementor-widget-container\">\n\t\t\t\t\t\t\t\t\tMeu objetivo que vc tenha informacoes seguras e de confianca para que voce nao passe nenhum tipo de perregue na viagem.\n\n\t\t\t\t\t\t\t\t<\/div>\n\t\t\t\t<\/div>\n\t\t\t\t\t<\/div>\n\t\t<\/div>\n\t\t\t\t\t<\/div>\n\t\t<\/section>\n\t\t\t\t\t<\/div>\n\t\t<\/div>\n\t\t\t\t\t<\/div>\n\t\t<\/section>\n\t\t\t\t<section class=\"elementor-section elementor-top-section elementor-element elementor-element-71ba2c9 elementor-section-content-middle elementor-section-boxed elementor-section-height-default elementor-section-height-default\" data-id=\"71ba2c9\" data-element_type=\"section\">\n\t\t\t\t\t\t<div class=\"elementor-container elementor-column-gap-no\">\n\t\t\t\t\t<div class=\"elementor-column elementor-col-100 elementor-top-column elementor-element elementor-element-dbc2388\" data-id=\"dbc2388\" data-element_type=\"column\">\n\t\t\t<div class=\"elementor-widget-wrap elementor-element-populated\">\n\t\t\t\t\t\t<div class=\"elementor-element elementor-element-74862bb elementor-widget elementor-widget-text-editor\" data-id=\"74862bb\" data-element_type=\"widget\" data-widget_type=\"text-editor.default\">\n\t\t\t\t<div class=\"elementor-widget-container\">\n\t\t\t\t\t\t\t\t\tAo final vc receber\u00e1 um mini E-Book de 2 p\u00e1ginas com informcoes importantissimas como: Onde fazer cambio seguro? Onde comprar vinhos baratos em Buneos Aires? Onde comprar alfajor e muito mais&#8230; Todos endere\u00e7os certinhos para vc nao errar.\t\t\t\t\t\t\t\t<\/div>\n\t\t\t\t<\/div>\n\t\t\t\t\t<\/div>\n\t\t<\/div>\n\t\t\t\t\t<\/div>\n\t\t<\/section>\n\t\t\t\t<\/div>","protected":false},"excerpt":{"rendered":"<p>ASSESSORIA ON-LINE PR\u00c9 VIAGEM Muitas d\u00favidas surgem ao organizar uma viagem e com toda minha viv\u00eancia nasceu a necessidade de auxiliar pessoas a montarem sua viagem de maneira mais prudente e confi\u00e1vel. Nada melhor que ter uma assessoria on-line pr\u00e9 viagem com algu\u00e9m de confian\u00e7a e que vive em Buenos Aires. Perguntas mais frequentes O&#8230;<\/p>","protected":false},"author":1,"featured_media":0,"parent":0,"menu_order":0,"comment_status":"closed","ping_status":"closed","template":"","meta":{"footnotes":""},"class_list":["post-3004","page","type-page","status-publish","hentry"],"yoast_head":"<!-- This site is optimized with the Yoast SEO plugin v27.2 - https:\/\/yoast.com\/product\/yoast-seo-wordpress\/ -->\n<title>ASSESORIA ON-LINE PR\u00c9 VIAGEM - Jadna Lima - Fot\u00f3grafo Brasileiro em Buenos Aires<\/title>\n<meta name=\"description\" content=\"A fot\u00f3grafa Jadna Lima Brasileira, Alagoana, radicada em Buenos Aires. Retratando a vida e contando hist\u00f3rias de amor! Ainda n\u00e3o lhe conhe\u00e7o, mas acredito que o que te fez chegar aqui foi \u00e0 busca por um excelente fot\u00f3grafo brasileiro em Buenos Aires a fim de registrar sua viagem t\u00e3o especial. Se voc\u00ea quer viver uma...\" \/>\n<meta name=\"robots\" content=\"index, follow, max-snippet:-1, max-image-preview:large, max-video-preview:-1\" \/>\n<link rel=\"canonical\" href=\"https:\/\/jadnalima.com\/es\/assessoria-on-line\/\" \/>\n<meta property=\"og:locale\" content=\"es_ES\" \/>\n<meta property=\"og:type\" content=\"article\" \/>\n<meta property=\"og:title\" content=\"ASSESORIA ON-LINE PR\u00c9 VIAGEM - Jadna Lima - Fot\u00f3grafo Brasileiro em Buenos Aires\" \/>\n<meta property=\"og:description\" content=\"A fot\u00f3grafa Jadna Lima Brasileira, Alagoana, radicada em Buenos Aires. Retratando a vida e contando hist\u00f3rias de amor! Ainda n\u00e3o lhe conhe\u00e7o, mas acredito que o que te fez chegar aqui foi \u00e0 busca por um excelente fot\u00f3grafo brasileiro em Buenos Aires a fim de registrar sua viagem t\u00e3o especial. Se voc\u00ea quer viver uma...\" \/>\n<meta property=\"og:url\" content=\"https:\/\/jadnalima.com\/es\/assessoria-on-line\/\" \/>\n<meta property=\"og:site_name\" content=\"Jadna Lima - Fot\u00f3grafo Brasileiro em Buenos Aires\" \/>\n<meta property=\"article:modified_time\" content=\"2022-08-11T18:21:13+00:00\" \/>\n<meta name=\"twitter:card\" content=\"summary_large_image\" \/>\n<meta name=\"twitter:label1\" content=\"Tiempo de lectura\" \/>\n\t<meta name=\"twitter:data1\" content=\"1 minuto\" \/>\n<script type=\"application\/ld+json\" class=\"yoast-schema-graph\">{\"@context\":\"https:\/\/schema.org\",\"@graph\":[{\"@type\":\"WebPage\",\"@id\":\"https:\/\/jadnalima.com\/assessoria-on-line\",\"url\":\"https:\/\/jadnalima.com\/assessoria-on-line\",\"name\":\"ASSESORIA ON-LINE PR\u00c9 VIAGEM - Jadna Lima - Fot\u00f3grafo Brasileiro em Buenos Aires\",\"isPartOf\":{\"@id\":\"https:\/\/jadnalima.com\/#website\"},\"datePublished\":\"2022-02-06T23:20:19+00:00\",\"dateModified\":\"2022-08-11T18:21:13+00:00\",\"description\":\"A fot\u00f3grafa Jadna Lima Brasileira, Alagoana, radicada em Buenos Aires. Retratando a vida e contando hist\u00f3rias de amor! Ainda n\u00e3o lhe conhe\u00e7o, mas acredito que o que te fez chegar aqui foi \u00e0 busca por um excelente fot\u00f3grafo brasileiro em Buenos Aires a fim de registrar sua viagem t\u00e3o especial. Se voc\u00ea quer viver uma...\",\"breadcrumb\":{\"@id\":\"https:\/\/jadnalima.com\/assessoria-on-line#breadcrumb\"},\"inLanguage\":\"es\",\"potentialAction\":[{\"@type\":\"ReadAction\",\"target\":[\"https:\/\/jadnalima.com\/assessoria-on-line\"]}]},{\"@type\":\"BreadcrumbList\",\"@id\":\"https:\/\/jadnalima.com\/assessoria-on-line#breadcrumb\",\"itemListElement\":[{\"@type\":\"ListItem\",\"position\":1,\"name\":\"In\u00edcio\",\"item\":\"https:\/\/jadnalima.com\/\"},{\"@type\":\"ListItem\",\"position\":2,\"name\":\"ASSESORIA ON-LINE PR\u00c9 VIAGEM\"}]},{\"@type\":\"WebSite\",\"@id\":\"https:\/\/jadnalima.com\/#website\",\"url\":\"https:\/\/jadnalima.com\/\",\"name\":\"Jadna Lima - Fot\u00f3grafo Brasileiro em Buenos Aires\",\"description\":\"Jadna Lima fot\u00f3grafa brasileira em Buenos Aires. Ensaio casal, fam\u00edlia, grupos ou individual. Fotos casamento, elopement wedding, mini casamento e renova\u00e7\u00e3o de votos\",\"potentialAction\":[{\"@type\":\"SearchAction\",\"target\":{\"@type\":\"EntryPoint\",\"urlTemplate\":\"https:\/\/jadnalima.com\/?s={search_term_string}\"},\"query-input\":{\"@type\":\"PropertyValueSpecification\",\"valueRequired\":true,\"valueName\":\"search_term_string\"}}],\"inLanguage\":\"es\"}]}<\/script>\n<!-- \/ Yoast SEO plugin. -->","yoast_head_json":{"title":"ASSESORIA ON-LINE PR\u00c9 VIAGEM - Jadna Lima - Fot\u00f3grafo Brasileiro em Buenos Aires","description":"A fot\u00f3grafa Jadna Lima Brasileira, Alagoana, radicada em Buenos Aires. Retratando a vida e contando hist\u00f3rias de amor! Ainda n\u00e3o lhe conhe\u00e7o, mas acredito que o que te fez chegar aqui foi \u00e0 busca por um excelente fot\u00f3grafo brasileiro em Buenos Aires a fim de registrar sua viagem t\u00e3o especial. Se voc\u00ea quer viver uma...","robots":{"index":"index","follow":"follow","max-snippet":"max-snippet:-1","max-image-preview":"max-image-preview:large","max-video-preview":"max-video-preview:-1"},"canonical":"https:\/\/jadnalima.com\/es\/assessoria-on-line\/","og_locale":"es_ES","og_type":"article","og_title":"ASSESORIA ON-LINE PR\u00c9 VIAGEM - Jadna Lima - Fot\u00f3grafo Brasileiro em Buenos Aires","og_description":"A fot\u00f3grafa Jadna Lima Brasileira, Alagoana, radicada em Buenos Aires. Retratando a vida e contando hist\u00f3rias de amor! Ainda n\u00e3o lhe conhe\u00e7o, mas acredito que o que te fez chegar aqui foi \u00e0 busca por um excelente fot\u00f3grafo brasileiro em Buenos Aires a fim de registrar sua viagem t\u00e3o especial. Se voc\u00ea quer viver uma...","og_url":"https:\/\/jadnalima.com\/es\/assessoria-on-line\/","og_site_name":"Jadna Lima - Fot\u00f3grafo Brasileiro em Buenos Aires","article_modified_time":"2022-08-11T18:21:13+00:00","twitter_card":"summary_large_image","twitter_misc":{"Tiempo de lectura":"1 minuto"},"schema":{"@context":"https:\/\/schema.org","@graph":[{"@type":"WebPage","@id":"https:\/\/jadnalima.com\/assessoria-on-line","url":"https:\/\/jadnalima.com\/assessoria-on-line","name":"ASSESORIA ON-LINE PR\u00c9 VIAGEM - Jadna Lima - Fot\u00f3grafo Brasileiro em Buenos Aires","isPartOf":{"@id":"https:\/\/jadnalima.com\/#website"},"datePublished":"2022-02-06T23:20:19+00:00","dateModified":"2022-08-11T18:21:13+00:00","description":"A fot\u00f3grafa Jadna Lima Brasileira, Alagoana, radicada em Buenos Aires. Retratando a vida e contando hist\u00f3rias de amor! Ainda n\u00e3o lhe conhe\u00e7o, mas acredito que o que te fez chegar aqui foi \u00e0 busca por um excelente fot\u00f3grafo brasileiro em Buenos Aires a fim de registrar sua viagem t\u00e3o especial. Se voc\u00ea quer viver uma...","breadcrumb":{"@id":"https:\/\/jadnalima.com\/assessoria-on-line#breadcrumb"},"inLanguage":"es","potentialAction":[{"@type":"ReadAction","target":["https:\/\/jadnalima.com\/assessoria-on-line"]}]},{"@type":"BreadcrumbList","@id":"https:\/\/jadnalima.com\/assessoria-on-line#breadcrumb","itemListElement":[{"@type":"ListItem","position":1,"name":"In\u00edcio","item":"https:\/\/jadnalima.com\/"},{"@type":"ListItem","position":2,"name":"ASSESORIA ON-LINE PR\u00c9 VIAGEM"}]},{"@type":"WebSite","@id":"https:\/\/jadnalima.com\/#website","url":"https:\/\/jadnalima.com\/","name":"Jadna Lima - Fot\u00f3grafo Brasileiro em Buenos Aires","description":"Jadna Lima fot\u00f3grafa brasileira em Buenos Aires. Ensaio casal, fam\u00edlia, grupos ou individual. Fotos casamento, elopement wedding, mini casamento e renova\u00e7\u00e3o de votos","potentialAction":[{"@type":"SearchAction","target":{"@type":"EntryPoint","urlTemplate":"https:\/\/jadnalima.com\/?s={search_term_string}"},"query-input":{"@type":"PropertyValueSpecification","valueRequired":true,"valueName":"search_term_string"}}],"inLanguage":"es"}]}},"_links":{"self":[{"href":"https:\/\/jadnalima.com\/es\/wp-json\/wp\/v2\/pages\/3004","targetHints":{"allow":["GET"]}}],"collection":[{"href":"https:\/\/jadnalima.com\/es\/wp-json\/wp\/v2\/pages"}],"about":[{"href":"https:\/\/jadnalima.com\/es\/wp-json\/wp\/v2\/types\/page"}],"author":[{"embeddable":true,"href":"https:\/\/jadnalima.com\/es\/wp-json\/wp\/v2\/users\/1"}],"replies":[{"embeddable":true,"href":"https:\/\/jadnalima.com\/es\/wp-json\/wp\/v2\/comments?post=3004"}],"version-history":[{"count":14,"href":"https:\/\/jadnalima.com\/es\/wp-json\/wp\/v2\/pages\/3004\/revisions"}],"predecessor-version":[{"id":11224,"href":"https:\/\/jadnalima.com\/es\/wp-json\/wp\/v2\/pages\/3004\/revisions\/11224"}],"wp:attachment":[{"href":"https:\/\/jadnalima.com\/es\/wp-json\/wp\/v2\/media?parent=3004"}],"curies":[{"name":"wp","href":"https:\/\/api.w.org\/{rel}","templated":true}]}}