{"id":1926,"date":"2020-05-08T09:08:35","date_gmt":"2020-05-08T09:08:35","guid":{"rendered":"https:\/\/newgenlab.com\/demp\/olbia-v2\/?page_id=1926"},"modified":"2022-08-11T15:20:34","modified_gmt":"2022-08-11T18:20:34","slug":"contato","status":"publish","type":"page","link":"https:\/\/jadnalima.com\/es\/contato","title":{"rendered":"Presupuesto"},"content":{"rendered":"<div data-elementor-type=\"wp-page\" data-elementor-id=\"1926\" class=\"elementor elementor-1926\">\n\t\t\t\t\t\t<section class=\"elementor-section elementor-top-section elementor-element elementor-element-5fe1c0bc elementor-section-boxed elementor-section-height-default elementor-section-height-default\" data-id=\"5fe1c0bc\" data-element_type=\"section\">\n\t\t\t\t\t\t<div class=\"elementor-container elementor-column-gap-default\">\n\t\t\t\t\t<div class=\"elementor-column elementor-col-100 elementor-top-column elementor-element elementor-element-5cb8752\" data-id=\"5cb8752\" data-element_type=\"column\">\n\t\t\t<div class=\"elementor-widget-wrap elementor-element-populated\">\n\t\t\t\t\t\t<div class=\"elementor-element elementor-element-6c451581 orcamento-foto elementor-widget elementor-widget-Olbia_Contact_Widget\" data-id=\"6c451581\" data-element_type=\"widget\" data-widget_type=\"Olbia_Contact_Widget.default\">\n\t\t\t\t<div class=\"elementor-widget-container\">\n\t\t\t\t\t\n\t\t\t\t\t\t<div class=\"olbia-contact\">\n\t\t\t\t<div class=\"container\">\n\t\t\t\t\t\n\t\t\t\t\t\t\t\t\t\t\n\t\t\t\t\t<div class=\"row\">\n\t\t\t\t\t\t<div class=\"col-lg-6 col-xl-5\">\n\t\t\t\t\t\t\t\t\t\t\t\t\t\t\t<div class=\"olbia-contact__picture wow fadeIn\">\n\t\t\t\t\t\t\t\t\t\t\t\t\t\t\t\t\t\t\t\t\t\t\t\t\t<img fetchpriority=\"high\" decoding=\"async\" class=\"olbia-lazy olbia-lazy--expectation\" width=\"640\" height=\"1024\" src=\"https:\/\/jadnalima.com\/wp-content\/uploads\/2022\/05\/fotografo_brasileiro_buenos_aires-3735-1-640x1024.jpg\" data-src=\"https:\/\/jadnalima.com\/wp-content\/uploads\/2022\/05\/fotografo_brasileiro_buenos_aires-3735-1-640x1024.jpg\" data-srcset=\"https:\/\/jadnalima.com\/wp-content\/uploads\/2022\/05\/fotografo_brasileiro_buenos_aires-3735-1-640x1024.jpg 640w, https:\/\/jadnalima.com\/wp-content\/uploads\/2022\/05\/fotografo_brasileiro_buenos_aires-3735-1-188x300.jpg 188w, https:\/\/jadnalima.com\/wp-content\/uploads\/2022\/05\/fotografo_brasileiro_buenos_aires-3735-1-768x1229.jpg 768w, https:\/\/jadnalima.com\/wp-content\/uploads\/2022\/05\/fotografo_brasileiro_buenos_aires-3735-1-960x1536.jpg 960w, https:\/\/jadnalima.com\/wp-content\/uploads\/2022\/05\/fotografo_brasileiro_buenos_aires-3735-1-8x12.jpg 8w, https:\/\/jadnalima.com\/wp-content\/uploads\/2022\/05\/fotografo_brasileiro_buenos_aires-3735-1-219x350.jpg 219w, https:\/\/jadnalima.com\/wp-content\/uploads\/2022\/05\/fotografo_brasileiro_buenos_aires-3735-1-313x500.jpg 313w, https:\/\/jadnalima.com\/wp-content\/uploads\/2022\/05\/fotografo_brasileiro_buenos_aires-3735-1.jpg 1280w\" data-sizes=\"(max-width: 640px) 100vw, 640px\" alt=\"\">\n\t\t\t\t\t\t\t\t\t\t\t\t\t\t\t\t<\/div>\n\t\t\t\t\t\t\t\t\t\t\t\t\t<\/div>\n\t\t\t\t\t\t<div class=\"col-lg-6 col-xl-5\">\n\t\t\t\t\t\t\t<div class=\"olbia-contact-form wow fadeIn\">\n\t\t\t\t\t\t\t\t\n\t\t\t\t\t\t\t\t\t\t\t\t\t\t\t\t\t<h3 class=\"olbia-contact-form__title\">\n\t\t\t\t\t\t\t\t\tPresupuesto\t\t\t\t\t\t\t\t\t<\/h3>\n\t\t\t\t\t\t\t\t\t\t\t\t\t\t\t\t\n\t\t\t\t\t\t\t\t\t\t\t\t\t\t\t\t\t\t\t\t\t\t\t\t\t\t\n<div class=\"wpcf7 no-js\" id=\"wpcf7-f5-o1\" lang=\"pt-BR\" dir=\"ltr\" data-wpcf7-id=\"5\">\n<div class=\"screen-reader-response\"><p role=\"status\" aria-live=\"polite\" aria-atomic=\"true\"><\/p> <ul><\/ul><\/div>\n<form action=\"\/es\/wp-json\/wp\/v2\/pages\/1926#wpcf7-f5-o1\" method=\"post\" class=\"wpcf7-form init\" aria-label=\"Formul\u00e1rios de contato\" novalidate=\"novalidate\" data-status=\"init\" data-trp-original-action=\"\/es\/wp-json\/wp\/v2\/pages\/1926#wpcf7-f5-o1\">\n<div style=\"display: none;\">\n<input type=\"hidden\" name=\"_wpcf7\" value=\"5\" \/>\n<input type=\"hidden\" name=\"_wpcf7_version\" value=\"6.0.6\" \/>\n<input type=\"hidden\" name=\"_wpcf7_locale\" value=\"pt_BR\" \/>\n<input type=\"hidden\" name=\"_wpcf7_unit_tag\" value=\"wpcf7-f5-o1\" \/>\n<input type=\"hidden\" name=\"_wpcf7_container_post\" value=\"0\" \/>\n<input type=\"hidden\" name=\"_wpcf7_posted_data_hash\" value=\"\" \/>\n<\/div>\n<p><label>Nombre<br \/>\n<span class=\"wpcf7-form-control-wrap\" data-name=\"name\"><input size=\"40\" maxlength=\"400\" class=\"wpcf7-form-control wpcf7-text wpcf7-validates-as-required\" aria-required=\"true\" aria-invalid=\"false\" value=\"\" type=\"text\" name=\"name\" \/><\/span> <\/label>\n<\/p>\n<p><label>Correo electr\u00f3nico<br \/>\n<span class=\"wpcf7-form-control-wrap\" data-name=\"email\"><input size=\"40\" maxlength=\"400\" class=\"wpcf7-form-control wpcf7-email wpcf7-validates-as-required wpcf7-text wpcf7-validates-as-email\" aria-required=\"true\" aria-invalid=\"false\" value=\"\" type=\"email\" name=\"email\" \/><\/span> <\/label>\n<\/p>\n<p><label>Tel\u00e9fono<br \/>\n<span class=\"wpcf7-form-control-wrap\" data-name=\"phone\"><input size=\"40\" maxlength=\"400\" class=\"wpcf7-form-control wpcf7-tel wpcf7-validates-as-required wpcf7-text wpcf7-validates-as-tel\" aria-required=\"true\" aria-invalid=\"false\" value=\"\" type=\"tel\" name=\"phone\" \/><\/span> <\/label>\n<\/p>\n<p><label>Fecha prevista<br \/>\n<span class=\"wpcf7-form-control-wrap\" data-name=\"date\"><input class=\"wpcf7-form-control wpcf7-date wpcf7-validates-as-required wpcf7-validates-as-date\" aria-required=\"true\" aria-invalid=\"false\" value=\"\" type=\"date\" name=\"date\" \/><\/span> <\/label>\n<\/p>\n<p><label>Cantidad de personas<br \/>\n<span class=\"wpcf7-form-control-wrap\" data-name=\"qty_pessoas\"><input class=\"wpcf7-form-control wpcf7-number wpcf7-validates-as-required wpcf7-validates-as-number\" aria-required=\"true\" aria-invalid=\"false\" value=\"\" type=\"number\" name=\"qty_pessoas\" \/><\/span> <\/label>\n<\/p>\n<p><label>\u00bfC\u00f3mo se enter\u00f3 de mi trabajo?<br \/>\n<span class=\"wpcf7-form-control-wrap\" data-name=\"know\"><select class=\"wpcf7-form-control wpcf7-select wpcf7-validates-as-required\" id=\"know\" aria-required=\"true\" aria-invalid=\"false\" name=\"know\"><option value=\"\">&#8212;Escolha uma op\u00e7\u00e3o&#8212;<\/option><option value=\"Indica\u00e7\u00e3o\">Indica\u00e7\u00e3o<\/option><option value=\"Pinterest\">Pinterest<\/option><option value=\"Instagram\">Instagram<\/option><option value=\"Facebook\">Facebook<\/option><option value=\"Blog\">Blog<\/option><option value=\"Google\">Google<\/option><option value=\"Jornal\/Revistas\">Jornal\/Revistas<\/option><option value=\"Outros (Descreva na mensagem)\">Outros (Descreva na mensagem)<\/option><\/select><\/span><\/label>\n<\/p>\n<p><label>\u00bfTipo de servicio?<br \/>\n<span class=\"wpcf7-form-control-wrap\" data-name=\"service\"><select class=\"wpcf7-form-control wpcf7-select wpcf7-validates-as-required\" aria-required=\"true\" aria-invalid=\"false\" name=\"service\"><option value=\"\">&#8212;Escolha uma op\u00e7\u00e3o&#8212;<\/option><option value=\"Ensaios Casal\">Sesi\u00f3n Parejas<\/option><option value=\"Ensaios Fam\u00edlia\">Sesi\u00f3n Fam\u00edlia<\/option><option value=\"Ensaios Individual\">Ensaios Individual<\/option><option value=\"Ensaios em grupo\">Ensaios em grupo<\/option><option value=\"Mini casamentos\">Mini casamentos<\/option><option value=\"Anivers\u00e1rio de Casamento\">Anivers\u00e1rio de Casamento<\/option><option value=\"Lua de mel\">Lua de mel<\/option><option value=\"Renova\u00e7\u00e3o de votos\">Renova\u00e7\u00e3o de votos<\/option><option value=\"Pedido de Casamento\">Pedido de Casamento<\/option><option value=\"Gravidez\">Gravidez<\/option><option value=\"15 Anos\">15 Anos<\/option><option value=\"Outros (descreva abaixo)\">Outros (descreva abaixo)<\/option><\/select><\/span><\/label>\n<\/p>\n<p><label> Mensaje<br \/>\n<span class=\"wpcf7-form-control-wrap\" data-name=\"message\"><textarea cols=\"40\" rows=\"10\" maxlength=\"2000\" class=\"wpcf7-form-control wpcf7-textarea wpcf7-validates-as-required\" aria-required=\"true\" aria-invalid=\"false\" name=\"message\"><\/textarea><\/span><\/label>\n<\/p>\n<p><input class=\"wpcf7-form-control wpcf7-submit has-spinner\" type=\"submit\" value=\"Mandar\" \/>\n<\/p><div class=\"wpcf7-response-output\" aria-hidden=\"true\"><\/div>\n<input type=\"hidden\" name=\"trp-form-language\" value=\"es\"\/><\/form>\n<\/div>\n\t\t\t\t\t\t\t\t\t\t\t\t\t\t\t\t\n\t\t\t\t\t\t\t<\/div>\n\t\t\t\t\t\t<\/div>\n\t\t\t\t\t<\/div>\n\t\t\t\t<\/div>\n\t\t\t<\/div>\n\t\t\t\t\t\t\t\t\t\t<\/div>\n\t\t\t\t<\/div>\n\t\t\t\t\t<\/div>\n\t\t<\/div>\n\t\t\t\t\t<\/div>\n\t\t<\/section>\n\t\t\t\t<section class=\"elementor-section elementor-top-section elementor-element elementor-element-4a9e2c82 olbia-cta--modern elementor-section-boxed elementor-section-height-default elementor-section-height-default\" data-id=\"4a9e2c82\" data-element_type=\"section\">\n\t\t\t\t\t\t<div class=\"elementor-container elementor-column-gap-no\">\n\t\t\t\t\t<div class=\"elementor-column elementor-col-33 elementor-top-column elementor-element elementor-element-450f45d3\" data-id=\"450f45d3\" data-element_type=\"column\">\n\t\t\t<div class=\"elementor-widget-wrap elementor-element-populated\">\n\t\t\t\t\t\t<div class=\"elementor-element elementor-element-720ec58 elementor-widget elementor-widget-Olbia_CTA_Widget\" data-id=\"720ec58\" data-element_type=\"widget\" data-widget_type=\"Olbia_CTA_Widget.default\">\n\t\t\t\t<div class=\"elementor-widget-container\">\n\t\t\t\t\t\n        <div class=\"olbia-cta olbia-cta--modern\">\n            \n                <div class=\"olbia-cta__item\">\n                                            <h6 class=\"olbia-cta__title wow fadeIn\">\n                            Tel\u00e9fono\/Whatsapp                        <\/h6>\n                    \n                                                                        <a href=\"tel:+54 911 5889 5434\" class=\"olbia-cta__link link-contact-mini wow fadeIn\">\n                                +54 911 5889 5434                            <\/a>\n                                            \n                    \n                                    <\/div>\n                    <\/div>\n\n\t\t\t\t\t\t<\/div>\n\t\t\t\t<\/div>\n\t\t\t\t\t<\/div>\n\t\t<\/div>\n\t\t\t\t<div class=\"elementor-column elementor-col-33 elementor-top-column elementor-element elementor-element-e938332\" data-id=\"e938332\" data-element_type=\"column\">\n\t\t\t<div class=\"elementor-widget-wrap elementor-element-populated\">\n\t\t\t\t\t\t<div class=\"elementor-element elementor-element-70641eb elementor-widget elementor-widget-Olbia_CTA_Widget\" data-id=\"70641eb\" data-element_type=\"widget\" data-widget_type=\"Olbia_CTA_Widget.default\">\n\t\t\t\t<div class=\"elementor-widget-container\">\n\t\t\t\t\t\n        <div class=\"olbia-cta olbia-cta--modern\">\n            \n                <div class=\"olbia-cta__item\">\n                                            <h6 class=\"olbia-cta__title wow fadeIn\">\n                            Correo electr\u00f3nico                        <\/h6>\n                    \n                    \n                                                                        <a href=\"mailto:contato@jadnalima.com\" class=\"olbia-cta__link link-contact-mini wow fadeIn\">\n                                contato@jadnalima.com                            <\/a>\n                                            \n                                    <\/div>\n                    <\/div>\n\n\t\t\t\t\t\t<\/div>\n\t\t\t\t<\/div>\n\t\t\t\t\t<\/div>\n\t\t<\/div>\n\t\t\t\t<div class=\"elementor-column elementor-col-33 elementor-top-column elementor-element elementor-element-576acbac\" data-id=\"576acbac\" data-element_type=\"column\">\n\t\t\t<div class=\"elementor-widget-wrap elementor-element-populated\">\n\t\t\t\t\t\t<div class=\"elementor-element elementor-element-57ade112 elementor-widget elementor-widget-Olbia_CTA_Widget\" data-id=\"57ade112\" data-element_type=\"widget\" data-widget_type=\"Olbia_CTA_Widget.default\">\n\t\t\t\t<div class=\"elementor-widget-container\">\n\t\t\t\t\t\n        <div class=\"olbia-cta olbia-cta--modern\">\n            \n                <div class=\"olbia-cta__item\">\n                                            <h6 class=\"olbia-cta__title wow fadeIn\">\n                            Redes sociales                        <\/h6>\n                    \n                    \n                    \n                                                                        <div class=\"olbia-social\">\n                                <ul class=\"olbia-social__list\">\n                                                                            <li class=\"olbia-social__item wow fadeIn\">\n                                            <a href=\"https:\/\/www.facebook.com\/jadnalimafotografia\/\">\n                                                <i class=\"fa fa-facebook-f\"><\/i>\n                                            <\/a>\n                                        <\/li>\n                                                                            <li class=\"olbia-social__item wow fadeIn\">\n                                            <a href=\"https:\/\/www.instagram.com\/jadnalima\">\n                                                <i class=\"fa fa-instagram\"><\/i>\n                                            <\/a>\n                                        <\/li>\n                                                                            <li class=\"olbia-social__item wow fadeIn\">\n                                            <a href=\"https:\/\/br.pinterest.com\/jadnalima\/\">\n                                                <i class=\"fa fa-pinterest\"><\/i>\n                                            <\/a>\n                                        <\/li>\n                                                                    <\/ul>\n                            <\/div>\n                                                            <\/div>\n                    <\/div>\n\n\t\t\t\t\t\t<\/div>\n\t\t\t\t<\/div>\n\t\t\t\t\t<\/div>\n\t\t<\/div>\n\t\t\t\t\t<\/div>\n\t\t<\/section>\n\t\t\t\t<\/div>","protected":false},"excerpt":{"rendered":"<p>Or\u00e7amento Nome E-mail Telefone Data Prevista Quantidade de Pessoas Como conheceu meu trabalho? &#8212;Indica\u00e7\u00e3oPinterestInstagramFacebookBlogGoogleJornal\/RevistasOutros (Descreva na mensagem) Tipo de servi\u00e7o? &#8212;Ensaios CasalEnsaios Fam\u00edliaEnsaios IndividualEnsaios em grupoMini casamentosAnivers\u00e1rio de CasamentoLua de melRenova\u00e7\u00e3o de votosPedido de CasamentoGravidez15 AnosOutros (descreva abaixo) Mensagem Telefone\/Whatsapp +54 911 5889 5434 E-mail contato@jadnalima.com Redes Sociais<\/p>","protected":false},"author":1,"featured_media":0,"parent":0,"menu_order":0,"comment_status":"closed","ping_status":"closed","template":"","meta":{"footnotes":""},"class_list":["post-1926","page","type-page","status-publish","hentry"],"yoast_head":"<!-- This site is optimized with the Yoast SEO plugin v27.2 - https:\/\/yoast.com\/product\/yoast-seo-wordpress\/ -->\n<title>Or\u00e7amento - Jadna Lima - Fot\u00f3grafo Brasileiro em Buenos Aires<\/title>\n<meta name=\"description\" content=\"A fot\u00f3grafa Jadna Lima Brasileira, Alagoana, radicada em Buenos Aires. Retratando a vida e contando hist\u00f3rias de amor! Ainda n\u00e3o lhe conhe\u00e7o, mas acredito que o que te fez chegar aqui foi \u00e0 busca por um excelente fot\u00f3grafo brasileiro em Buenos Aires a fim de registrar sua viagem t\u00e3o especial. Se voc\u00ea quer viver uma...\" \/>\n<meta name=\"robots\" content=\"index, follow, max-snippet:-1, max-image-preview:large, max-video-preview:-1\" \/>\n<link rel=\"canonical\" href=\"https:\/\/jadnalima.com\/es\/contato\/\" \/>\n<meta property=\"og:locale\" content=\"es_ES\" \/>\n<meta property=\"og:type\" content=\"article\" \/>\n<meta property=\"og:title\" content=\"Or\u00e7amento - Jadna Lima - Fot\u00f3grafo Brasileiro em Buenos Aires\" \/>\n<meta property=\"og:description\" content=\"A fot\u00f3grafa Jadna Lima Brasileira, Alagoana, radicada em Buenos Aires. Retratando a vida e contando hist\u00f3rias de amor! Ainda n\u00e3o lhe conhe\u00e7o, mas acredito que o que te fez chegar aqui foi \u00e0 busca por um excelente fot\u00f3grafo brasileiro em Buenos Aires a fim de registrar sua viagem t\u00e3o especial. Se voc\u00ea quer viver uma...\" \/>\n<meta property=\"og:url\" content=\"https:\/\/jadnalima.com\/es\/contato\/\" \/>\n<meta property=\"og:site_name\" content=\"Jadna Lima - Fot\u00f3grafo Brasileiro em Buenos Aires\" \/>\n<meta property=\"article:modified_time\" content=\"2022-08-11T18:20:34+00:00\" \/>\n<meta property=\"og:image\" content=\"https:\/\/jadnalima.com\/wp-content\/uploads\/2022\/05\/fotografo_brasileiro_buenos_aires-3735-1-640x1024.jpg\" \/>\n<meta name=\"twitter:card\" content=\"summary_large_image\" \/>\n<meta name=\"twitter:label1\" content=\"Tiempo de lectura\" \/>\n\t<meta name=\"twitter:data1\" content=\"1 minuto\" \/>\n<script type=\"application\/ld+json\" class=\"yoast-schema-graph\">{\"@context\":\"https:\/\/schema.org\",\"@graph\":[{\"@type\":\"WebPage\",\"@id\":\"https:\/\/jadnalima.com\/contato\",\"url\":\"https:\/\/jadnalima.com\/contato\",\"name\":\"Or\u00e7amento - Jadna Lima - Fot\u00f3grafo Brasileiro em Buenos Aires\",\"isPartOf\":{\"@id\":\"https:\/\/jadnalima.com\/#website\"},\"primaryImageOfPage\":{\"@id\":\"https:\/\/jadnalima.com\/contato#primaryimage\"},\"image\":{\"@id\":\"https:\/\/jadnalima.com\/contato#primaryimage\"},\"thumbnailUrl\":\"https:\/\/jadnalima.com\/wp-content\/uploads\/2022\/05\/fotografo_brasileiro_buenos_aires-3735-1-640x1024.jpg\",\"datePublished\":\"2020-05-08T09:08:35+00:00\",\"dateModified\":\"2022-08-11T18:20:34+00:00\",\"description\":\"A fot\u00f3grafa Jadna Lima Brasileira, Alagoana, radicada em Buenos Aires. Retratando a vida e contando hist\u00f3rias de amor! Ainda n\u00e3o lhe conhe\u00e7o, mas acredito que o que te fez chegar aqui foi \u00e0 busca por um excelente fot\u00f3grafo brasileiro em Buenos Aires a fim de registrar sua viagem t\u00e3o especial. Se voc\u00ea quer viver uma...\",\"breadcrumb\":{\"@id\":\"https:\/\/jadnalima.com\/contato#breadcrumb\"},\"inLanguage\":\"es\",\"potentialAction\":[{\"@type\":\"ReadAction\",\"target\":[\"https:\/\/jadnalima.com\/contato\"]}]},{\"@type\":\"ImageObject\",\"inLanguage\":\"es\",\"@id\":\"https:\/\/jadnalima.com\/contato#primaryimage\",\"url\":\"https:\/\/jadnalima.com\/wp-content\/uploads\/2022\/05\/fotografo_brasileiro_buenos_aires-3735-1-640x1024.jpg\",\"contentUrl\":\"https:\/\/jadnalima.com\/wp-content\/uploads\/2022\/05\/fotografo_brasileiro_buenos_aires-3735-1-640x1024.jpg\"},{\"@type\":\"BreadcrumbList\",\"@id\":\"https:\/\/jadnalima.com\/contato#breadcrumb\",\"itemListElement\":[{\"@type\":\"ListItem\",\"position\":1,\"name\":\"In\u00edcio\",\"item\":\"https:\/\/jadnalima.com\/\"},{\"@type\":\"ListItem\",\"position\":2,\"name\":\"Or\u00e7amento\"}]},{\"@type\":\"WebSite\",\"@id\":\"https:\/\/jadnalima.com\/#website\",\"url\":\"https:\/\/jadnalima.com\/\",\"name\":\"Jadna Lima - Fot\u00f3grafo Brasileiro em Buenos Aires\",\"description\":\"Jadna Lima fot\u00f3grafa brasileira em Buenos Aires. Ensaio casal, fam\u00edlia, grupos ou individual. Fotos casamento, elopement wedding, mini casamento e renova\u00e7\u00e3o de votos\",\"potentialAction\":[{\"@type\":\"SearchAction\",\"target\":{\"@type\":\"EntryPoint\",\"urlTemplate\":\"https:\/\/jadnalima.com\/?s={search_term_string}\"},\"query-input\":{\"@type\":\"PropertyValueSpecification\",\"valueRequired\":true,\"valueName\":\"search_term_string\"}}],\"inLanguage\":\"es\"}]}<\/script>\n<!-- \/ Yoast SEO plugin. -->","yoast_head_json":{"title":"Or\u00e7amento - Jadna Lima - Fot\u00f3grafo Brasileiro em Buenos Aires","description":"A fot\u00f3grafa Jadna Lima Brasileira, Alagoana, radicada em Buenos Aires. Retratando a vida e contando hist\u00f3rias de amor! Ainda n\u00e3o lhe conhe\u00e7o, mas acredito que o que te fez chegar aqui foi \u00e0 busca por um excelente fot\u00f3grafo brasileiro em Buenos Aires a fim de registrar sua viagem t\u00e3o especial. Se voc\u00ea quer viver uma...","robots":{"index":"index","follow":"follow","max-snippet":"max-snippet:-1","max-image-preview":"max-image-preview:large","max-video-preview":"max-video-preview:-1"},"canonical":"https:\/\/jadnalima.com\/es\/contato\/","og_locale":"es_ES","og_type":"article","og_title":"Or\u00e7amento - Jadna Lima - Fot\u00f3grafo Brasileiro em Buenos Aires","og_description":"A fot\u00f3grafa Jadna Lima Brasileira, Alagoana, radicada em Buenos Aires. Retratando a vida e contando hist\u00f3rias de amor! Ainda n\u00e3o lhe conhe\u00e7o, mas acredito que o que te fez chegar aqui foi \u00e0 busca por um excelente fot\u00f3grafo brasileiro em Buenos Aires a fim de registrar sua viagem t\u00e3o especial. Se voc\u00ea quer viver uma...","og_url":"https:\/\/jadnalima.com\/es\/contato\/","og_site_name":"Jadna Lima - Fot\u00f3grafo Brasileiro em Buenos Aires","article_modified_time":"2022-08-11T18:20:34+00:00","og_image":[{"url":"https:\/\/jadnalima.com\/wp-content\/uploads\/2022\/05\/fotografo_brasileiro_buenos_aires-3735-1-640x1024.jpg","type":"","width":"","height":""}],"twitter_card":"summary_large_image","twitter_misc":{"Tiempo de lectura":"1 minuto"},"schema":{"@context":"https:\/\/schema.org","@graph":[{"@type":"WebPage","@id":"https:\/\/jadnalima.com\/contato","url":"https:\/\/jadnalima.com\/contato","name":"Or\u00e7amento - Jadna Lima - Fot\u00f3grafo Brasileiro em Buenos Aires","isPartOf":{"@id":"https:\/\/jadnalima.com\/#website"},"primaryImageOfPage":{"@id":"https:\/\/jadnalima.com\/contato#primaryimage"},"image":{"@id":"https:\/\/jadnalima.com\/contato#primaryimage"},"thumbnailUrl":"https:\/\/jadnalima.com\/wp-content\/uploads\/2022\/05\/fotografo_brasileiro_buenos_aires-3735-1-640x1024.jpg","datePublished":"2020-05-08T09:08:35+00:00","dateModified":"2022-08-11T18:20:34+00:00","description":"A fot\u00f3grafa Jadna Lima Brasileira, Alagoana, radicada em Buenos Aires. Retratando a vida e contando hist\u00f3rias de amor! Ainda n\u00e3o lhe conhe\u00e7o, mas acredito que o que te fez chegar aqui foi \u00e0 busca por um excelente fot\u00f3grafo brasileiro em Buenos Aires a fim de registrar sua viagem t\u00e3o especial. Se voc\u00ea quer viver uma...","breadcrumb":{"@id":"https:\/\/jadnalima.com\/contato#breadcrumb"},"inLanguage":"es","potentialAction":[{"@type":"ReadAction","target":["https:\/\/jadnalima.com\/contato"]}]},{"@type":"ImageObject","inLanguage":"es","@id":"https:\/\/jadnalima.com\/contato#primaryimage","url":"https:\/\/jadnalima.com\/wp-content\/uploads\/2022\/05\/fotografo_brasileiro_buenos_aires-3735-1-640x1024.jpg","contentUrl":"https:\/\/jadnalima.com\/wp-content\/uploads\/2022\/05\/fotografo_brasileiro_buenos_aires-3735-1-640x1024.jpg"},{"@type":"BreadcrumbList","@id":"https:\/\/jadnalima.com\/contato#breadcrumb","itemListElement":[{"@type":"ListItem","position":1,"name":"In\u00edcio","item":"https:\/\/jadnalima.com\/"},{"@type":"ListItem","position":2,"name":"Or\u00e7amento"}]},{"@type":"WebSite","@id":"https:\/\/jadnalima.com\/#website","url":"https:\/\/jadnalima.com\/","name":"Jadna Lima - Fot\u00f3grafo Brasileiro em Buenos Aires","description":"Jadna Lima fot\u00f3grafa brasileira em Buenos Aires. Ensaio casal, fam\u00edlia, grupos ou individual. Fotos casamento, elopement wedding, mini casamento e renova\u00e7\u00e3o de votos","potentialAction":[{"@type":"SearchAction","target":{"@type":"EntryPoint","urlTemplate":"https:\/\/jadnalima.com\/?s={search_term_string}"},"query-input":{"@type":"PropertyValueSpecification","valueRequired":true,"valueName":"search_term_string"}}],"inLanguage":"es"}]}},"_links":{"self":[{"href":"https:\/\/jadnalima.com\/es\/wp-json\/wp\/v2\/pages\/1926","targetHints":{"allow":["GET"]}}],"collection":[{"href":"https:\/\/jadnalima.com\/es\/wp-json\/wp\/v2\/pages"}],"about":[{"href":"https:\/\/jadnalima.com\/es\/wp-json\/wp\/v2\/types\/page"}],"author":[{"embeddable":true,"href":"https:\/\/jadnalima.com\/es\/wp-json\/wp\/v2\/users\/1"}],"replies":[{"embeddable":true,"href":"https:\/\/jadnalima.com\/es\/wp-json\/wp\/v2\/comments?post=1926"}],"version-history":[{"count":20,"href":"https:\/\/jadnalima.com\/es\/wp-json\/wp\/v2\/pages\/1926\/revisions"}],"predecessor-version":[{"id":11223,"href":"https:\/\/jadnalima.com\/es\/wp-json\/wp\/v2\/pages\/1926\/revisions\/11223"}],"wp:attachment":[{"href":"https:\/\/jadnalima.com\/es\/wp-json\/wp\/v2\/media?parent=1926"}],"curies":[{"name":"wp","href":"https:\/\/api.w.org\/{rel}","templated":true}]}}