{"id":1886,"date":"2020-05-07T20:43:49","date_gmt":"2020-05-07T20:43:49","guid":{"rendered":"https:\/\/newgenlab.com\/demp\/olbia-v2\/?page_id=1886"},"modified":"2022-10-03T21:44:38","modified_gmt":"2022-10-04T00:44:38","slug":"fotografo-buenos-aires","status":"publish","type":"page","link":"https:\/\/jadnalima.com\/es\/fotografo-buenos-aires","title":{"rendered":"Acerda de"},"content":{"rendered":"<div data-elementor-type=\"wp-page\" data-elementor-id=\"1886\" class=\"elementor elementor-1886\">\n\t\t\t\t\t\t<section class=\"elementor-section elementor-top-section elementor-element elementor-element-b842d36 elementor-section-full_width elementor-section-height-default elementor-section-height-default\" data-id=\"b842d36\" data-element_type=\"section\">\n\t\t\t\t\t\t<div class=\"elementor-container elementor-column-gap-no\">\n\t\t\t\t\t<div class=\"elementor-column elementor-col-100 elementor-top-column elementor-element elementor-element-278de948\" data-id=\"278de948\" data-element_type=\"column\">\n\t\t\t<div class=\"elementor-widget-wrap elementor-element-populated\">\n\t\t\t\t\t\t<div class=\"elementor-element elementor-element-74e64a34 elementor-widget elementor-widget-Olbia_About\" data-id=\"74e64a34\" data-element_type=\"widget\" data-widget_type=\"Olbia_About.default\">\n\t\t\t\t<div class=\"elementor-widget-container\">\n\t\t\t\t\t\n            <div class=\"olbia-about olbia-about--two\">\n        <div class=\"container\">\n            <div class=\"olbia-about__inner\">\n                <div class=\"row\">\n                    <div class=\"col-md-6 col-lg-4\">\n                        <div class=\"olbia-about__picture wow fadeIn\">\n                                                                                                                                <img fetchpriority=\"high\" decoding=\"async\" class=\"olbia-lazy olbia-lazy--expectation\" width=\"861\" height=\"1024\" src=\"https:\/\/jadnalima.com\/wp-content\/uploads\/2022\/10\/fotografa_brasileira-buenos-aires-Jadna_lima-1-861x1024.jpg\" data-src=\"https:\/\/jadnalima.com\/wp-content\/uploads\/2022\/10\/fotografa_brasileira-buenos-aires-Jadna_lima-1-861x1024.jpg\" data-srcset=\"https:\/\/jadnalima.com\/wp-content\/uploads\/2022\/10\/fotografa_brasileira-buenos-aires-Jadna_lima-1-861x1024.jpg 861w, https:\/\/jadnalima.com\/wp-content\/uploads\/2022\/10\/fotografa_brasileira-buenos-aires-Jadna_lima-1-252x300.jpg 252w, https:\/\/jadnalima.com\/wp-content\/uploads\/2022\/10\/fotografa_brasileira-buenos-aires-Jadna_lima-1-768x913.jpg 768w, https:\/\/jadnalima.com\/wp-content\/uploads\/2022\/10\/fotografa_brasileira-buenos-aires-Jadna_lima-1-1292x1536.jpg 1292w, https:\/\/jadnalima.com\/wp-content\/uploads\/2022\/10\/fotografa_brasileira-buenos-aires-Jadna_lima-1-10x12.jpg 10w, https:\/\/jadnalima.com\/wp-content\/uploads\/2022\/10\/fotografa_brasileira-buenos-aires-Jadna_lima-1-294x350.jpg 294w, https:\/\/jadnalima.com\/wp-content\/uploads\/2022\/10\/fotografa_brasileira-buenos-aires-Jadna_lima-1-421x500.jpg 421w, https:\/\/jadnalima.com\/wp-content\/uploads\/2022\/10\/fotografa_brasileira-buenos-aires-Jadna_lima-1.jpg 1630w\" data-sizes=\"(max-width: 861px) 100vw, 861px\" alt=\"\">\n                                                                                    <\/div>\n                    <\/div>\n                    <div class=\"col-md-6 col-lg-4\">\n                        <div class=\"olbia-about__content\">\n\n                                                        <div class=\"olbia-about__specialize wow fadeIn\">\n                                A fot\u00f3grafa                            <\/div>\n                                                        \n                                                        <h2 class=\"olbia-about__title wow fadeIn\">\n                            JADNA LIMA                            <\/h2>\n                                                        \n                                                        <div class=\"olbia-about__desc wow fadeIn\">\n                                <p>Me chamo <strong>Jadna Lima<\/strong>, Brasileira, <strong>Alagoana<\/strong>, atualmente vivendo em Buenos Aires. Como boa geminiana, sou inquieta e faladeira. Cores vibrantes, m\u00fasica, filme, viagem, vinho, bicho, comp\u00f5em minhas paix\u00f5es, al\u00e9m, claro, da fotografia. <strong>Administradora de Empresas<\/strong>,&nbsp;<strong>Advogada<\/strong> e <strong>Empreendedora<\/strong>. Desde que cheguei a Buenos Aires retratar viajantes de forma \u00fanica, leve e divertida passou a ser minha rotina. Adoro viajar e estou \u00e0 disposi\u00e7\u00e3o para captar emo\u00e7\u00f5es em qualquer lugar no mundo.<\/p>\n                            <\/div>\n                                                        \n                                                        <a href=\"https:\/\/jadnalima.com\/es\/contato\/\" class=\"olbia-about__link link-contact wow fadeIn\">\n                                SOLICITE SU PRESUPUESTO                            <\/a>\n                            \n                        <\/div>\n                    <\/div>\n                <\/div>\n            <\/div>\n        <\/div>\n    <\/div>\n            \t\t\t\t<\/div>\n\t\t\t\t<\/div>\n\t\t\t\t\t<\/div>\n\t\t<\/div>\n\t\t\t\t\t<\/div>\n\t\t<\/section>\n\t\t\t\t<section class=\"elementor-section elementor-top-section elementor-element elementor-element-1f66f599 elementor-section-content-middle elementor-section-boxed elementor-section-height-default elementor-section-height-default\" data-id=\"1f66f599\" data-element_type=\"section\" data-settings=\"{&quot;background_background&quot;:&quot;classic&quot;}\">\n\t\t\t\t\t\t<div class=\"elementor-container elementor-column-gap-default\">\n\t\t\t\t\t<div class=\"elementor-column elementor-col-100 elementor-top-column elementor-element elementor-element-20c35129\" data-id=\"20c35129\" data-element_type=\"column\" data-settings=\"{&quot;background_background&quot;:&quot;classic&quot;}\">\n\t\t\t<div class=\"elementor-widget-wrap elementor-element-populated\">\n\t\t\t\t\t\t<div class=\"elementor-element elementor-element-28536bc6 elementor-widget elementor-widget-heading\" data-id=\"28536bc6\" data-element_type=\"widget\" data-widget_type=\"heading.default\">\n\t\t\t\t<div class=\"elementor-widget-container\">\n\t\t\t\t\t<h5 class=\"elementor-heading-title elementor-size-default\">\u00c9l Trabajo<\/h5>\t\t\t\t<\/div>\n\t\t\t\t<\/div>\n\t\t\t\t<div class=\"elementor-element elementor-element-4ef87b65 elementor-widget elementor-widget-text-editor\" data-id=\"4ef87b65\" data-element_type=\"widget\" data-widget_type=\"text-editor.default\">\n\t\t\t\t<div class=\"elementor-widget-container\">\n\t\t\t\t\t\t\t\t\t<p class=\"translation-block\"><p>La alegr&iacute;a y la espontaneidad en mi trabajo, es el resultado de mi historia, de una infancia simple y feliz. Esa misma espontaneidad y alegr&iacute;a, es la que creo indispensable recrear en las sesiones de trabajo. Esto genera un ambiente en el cual, los clientes se divierten y relajan, lo que permite retratar sus sentimientos y sensaciones en las mejores fotograf&iacute;as. Mi prop&oacute;sito es alinear la t&eacute;cnica a la sensibilidad y las emociones. Retratando a las personas tal cual son, conect&aacute;ndose y viviendo momentos &uacute;nicos, sin intervenciones, ni poses forzadas, se logra crear, una secuencia de fotos incre&iacute;blemente bellas y espont&aacute;neas. Contrate un fot&oacute;grafo en Buenos Aires o ll&eacute;veme para su ciudad. Me gustar&iacute;a ser parte de esos momentos especiales de su vida, y que pueda quedarse a trav&eacute;s de mis producciones, con sus mejores recuerdos.<\/p><\/p><p><br><\/p>\t\t\t\t\t\t\t\t<\/div>\n\t\t\t\t<\/div>\n\t\t\t\t\t<\/div>\n\t\t<\/div>\n\t\t\t\t\t<\/div>\n\t\t<\/section>\n\t\t\t\t<\/div>","protected":false},"excerpt":{"rendered":"<p>A fot\u00f3grafa JADNA LIMA Me chamo Jadna Lima, Brasileira, Alagoana, atualmente vivendo em Buenos Aires. Como boa geminiana, sou inquieta e faladeira. Cores vibrantes, m\u00fasica, filme, viagem, vinho, bicho, comp\u00f5em minhas paix\u00f5es, al\u00e9m, claro, da fotografia. Administradora de Empresas,&nbsp;Advogada e Empreendedora. Desde que cheguei a Buenos Aires retratar viajantes de forma \u00fanica, leve e divertida&#8230;<\/p>","protected":false},"author":1,"featured_media":0,"parent":0,"menu_order":0,"comment_status":"closed","ping_status":"closed","template":"","meta":{"footnotes":""},"class_list":["post-1886","page","type-page","status-publish","hentry"],"yoast_head":"<!-- This site is optimized with the Yoast SEO plugin v27.2 - https:\/\/yoast.com\/product\/yoast-seo-wordpress\/ -->\n<title>Sobre - Jadna Lima - Fot\u00f3grafo Brasileiro em Buenos Aires<\/title>\n<meta name=\"description\" content=\"A fot\u00f3grafa Jadna Lima Brasileira, Alagoana, radicada em Buenos Aires. Retratando a vida e contando hist\u00f3rias de amor! Ainda n\u00e3o lhe conhe\u00e7o, mas acredito que o que te fez chegar aqui foi \u00e0 busca por um excelente fot\u00f3grafo brasileiro em Buenos Aires a fim de registrar sua viagem t\u00e3o especial. Se voc\u00ea quer viver uma...\" \/>\n<meta name=\"robots\" content=\"index, follow, max-snippet:-1, max-image-preview:large, max-video-preview:-1\" \/>\n<link rel=\"canonical\" href=\"https:\/\/jadnalima.com\/es\/fotografo-buenos-aires\/\" \/>\n<meta property=\"og:locale\" content=\"es_ES\" \/>\n<meta property=\"og:type\" content=\"article\" \/>\n<meta property=\"og:title\" content=\"Sobre - Jadna Lima - Fot\u00f3grafo Brasileiro em Buenos Aires\" \/>\n<meta property=\"og:description\" content=\"A fot\u00f3grafa Jadna Lima Brasileira, Alagoana, radicada em Buenos Aires. Retratando a vida e contando hist\u00f3rias de amor! Ainda n\u00e3o lhe conhe\u00e7o, mas acredito que o que te fez chegar aqui foi \u00e0 busca por um excelente fot\u00f3grafo brasileiro em Buenos Aires a fim de registrar sua viagem t\u00e3o especial. Se voc\u00ea quer viver uma...\" \/>\n<meta property=\"og:url\" content=\"https:\/\/jadnalima.com\/es\/fotografo-buenos-aires\/\" \/>\n<meta property=\"og:site_name\" content=\"Jadna Lima - Fot\u00f3grafo Brasileiro em Buenos Aires\" \/>\n<meta property=\"article:modified_time\" content=\"2022-10-04T00:44:38+00:00\" \/>\n<meta property=\"og:image\" content=\"https:\/\/jadnalima.com\/wp-content\/uploads\/2022\/10\/fotografa_brasileira-buenos-aires-Jadna_lima-1-861x1024.jpg\" \/>\n<meta name=\"twitter:card\" content=\"summary_large_image\" \/>\n<meta name=\"twitter:label1\" content=\"Tiempo de lectura\" \/>\n\t<meta name=\"twitter:data1\" content=\"2 minutos\" \/>\n<script type=\"application\/ld+json\" class=\"yoast-schema-graph\">{\"@context\":\"https:\/\/schema.org\",\"@graph\":[{\"@type\":\"WebPage\",\"@id\":\"https:\/\/jadnalima.com\/fotografo-buenos-aires\",\"url\":\"https:\/\/jadnalima.com\/fotografo-buenos-aires\",\"name\":\"Sobre - Jadna Lima - Fot\u00f3grafo Brasileiro em Buenos Aires\",\"isPartOf\":{\"@id\":\"https:\/\/jadnalima.com\/#website\"},\"primaryImageOfPage\":{\"@id\":\"https:\/\/jadnalima.com\/fotografo-buenos-aires#primaryimage\"},\"image\":{\"@id\":\"https:\/\/jadnalima.com\/fotografo-buenos-aires#primaryimage\"},\"thumbnailUrl\":\"https:\/\/jadnalima.com\/wp-content\/uploads\/2022\/10\/fotografa_brasileira-buenos-aires-Jadna_lima-1-861x1024.jpg\",\"datePublished\":\"2020-05-07T20:43:49+00:00\",\"dateModified\":\"2022-10-04T00:44:38+00:00\",\"description\":\"A fot\u00f3grafa Jadna Lima Brasileira, Alagoana, radicada em Buenos Aires. Retratando a vida e contando hist\u00f3rias de amor! Ainda n\u00e3o lhe conhe\u00e7o, mas acredito que o que te fez chegar aqui foi \u00e0 busca por um excelente fot\u00f3grafo brasileiro em Buenos Aires a fim de registrar sua viagem t\u00e3o especial. Se voc\u00ea quer viver uma...\",\"breadcrumb\":{\"@id\":\"https:\/\/jadnalima.com\/fotografo-buenos-aires#breadcrumb\"},\"inLanguage\":\"es\",\"potentialAction\":[{\"@type\":\"ReadAction\",\"target\":[\"https:\/\/jadnalima.com\/fotografo-buenos-aires\"]}]},{\"@type\":\"ImageObject\",\"inLanguage\":\"es\",\"@id\":\"https:\/\/jadnalima.com\/fotografo-buenos-aires#primaryimage\",\"url\":\"https:\/\/jadnalima.com\/wp-content\/uploads\/2022\/10\/fotografa_brasileira-buenos-aires-Jadna_lima-1-861x1024.jpg\",\"contentUrl\":\"https:\/\/jadnalima.com\/wp-content\/uploads\/2022\/10\/fotografa_brasileira-buenos-aires-Jadna_lima-1-861x1024.jpg\"},{\"@type\":\"BreadcrumbList\",\"@id\":\"https:\/\/jadnalima.com\/fotografo-buenos-aires#breadcrumb\",\"itemListElement\":[{\"@type\":\"ListItem\",\"position\":1,\"name\":\"In\u00edcio\",\"item\":\"https:\/\/jadnalima.com\/\"},{\"@type\":\"ListItem\",\"position\":2,\"name\":\"Sobre\"}]},{\"@type\":\"WebSite\",\"@id\":\"https:\/\/jadnalima.com\/#website\",\"url\":\"https:\/\/jadnalima.com\/\",\"name\":\"Jadna Lima - Fot\u00f3grafo Brasileiro em Buenos Aires\",\"description\":\"Jadna Lima fot\u00f3grafa brasileira em Buenos Aires. Ensaio casal, fam\u00edlia, grupos ou individual. Fotos casamento, elopement wedding, mini casamento e renova\u00e7\u00e3o de votos\",\"potentialAction\":[{\"@type\":\"SearchAction\",\"target\":{\"@type\":\"EntryPoint\",\"urlTemplate\":\"https:\/\/jadnalima.com\/?s={search_term_string}\"},\"query-input\":{\"@type\":\"PropertyValueSpecification\",\"valueRequired\":true,\"valueName\":\"search_term_string\"}}],\"inLanguage\":\"es\"}]}<\/script>\n<!-- \/ Yoast SEO plugin. -->","yoast_head_json":{"title":"Sobre - Jadna Lima - Fot\u00f3grafo Brasileiro em Buenos Aires","description":"A fot\u00f3grafa Jadna Lima Brasileira, Alagoana, radicada em Buenos Aires. Retratando a vida e contando hist\u00f3rias de amor! Ainda n\u00e3o lhe conhe\u00e7o, mas acredito que o que te fez chegar aqui foi \u00e0 busca por um excelente fot\u00f3grafo brasileiro em Buenos Aires a fim de registrar sua viagem t\u00e3o especial. Se voc\u00ea quer viver uma...","robots":{"index":"index","follow":"follow","max-snippet":"max-snippet:-1","max-image-preview":"max-image-preview:large","max-video-preview":"max-video-preview:-1"},"canonical":"https:\/\/jadnalima.com\/es\/fotografo-buenos-aires\/","og_locale":"es_ES","og_type":"article","og_title":"Sobre - Jadna Lima - Fot\u00f3grafo Brasileiro em Buenos Aires","og_description":"A fot\u00f3grafa Jadna Lima Brasileira, Alagoana, radicada em Buenos Aires. Retratando a vida e contando hist\u00f3rias de amor! Ainda n\u00e3o lhe conhe\u00e7o, mas acredito que o que te fez chegar aqui foi \u00e0 busca por um excelente fot\u00f3grafo brasileiro em Buenos Aires a fim de registrar sua viagem t\u00e3o especial. Se voc\u00ea quer viver uma...","og_url":"https:\/\/jadnalima.com\/es\/fotografo-buenos-aires\/","og_site_name":"Jadna Lima - Fot\u00f3grafo Brasileiro em Buenos Aires","article_modified_time":"2022-10-04T00:44:38+00:00","og_image":[{"url":"https:\/\/jadnalima.com\/wp-content\/uploads\/2022\/10\/fotografa_brasileira-buenos-aires-Jadna_lima-1-861x1024.jpg","type":"","width":"","height":""}],"twitter_card":"summary_large_image","twitter_misc":{"Tiempo de lectura":"2 minutos"},"schema":{"@context":"https:\/\/schema.org","@graph":[{"@type":"WebPage","@id":"https:\/\/jadnalima.com\/fotografo-buenos-aires","url":"https:\/\/jadnalima.com\/fotografo-buenos-aires","name":"Sobre - Jadna Lima - Fot\u00f3grafo Brasileiro em Buenos Aires","isPartOf":{"@id":"https:\/\/jadnalima.com\/#website"},"primaryImageOfPage":{"@id":"https:\/\/jadnalima.com\/fotografo-buenos-aires#primaryimage"},"image":{"@id":"https:\/\/jadnalima.com\/fotografo-buenos-aires#primaryimage"},"thumbnailUrl":"https:\/\/jadnalima.com\/wp-content\/uploads\/2022\/10\/fotografa_brasileira-buenos-aires-Jadna_lima-1-861x1024.jpg","datePublished":"2020-05-07T20:43:49+00:00","dateModified":"2022-10-04T00:44:38+00:00","description":"A fot\u00f3grafa Jadna Lima Brasileira, Alagoana, radicada em Buenos Aires. Retratando a vida e contando hist\u00f3rias de amor! Ainda n\u00e3o lhe conhe\u00e7o, mas acredito que o que te fez chegar aqui foi \u00e0 busca por um excelente fot\u00f3grafo brasileiro em Buenos Aires a fim de registrar sua viagem t\u00e3o especial. Se voc\u00ea quer viver uma...","breadcrumb":{"@id":"https:\/\/jadnalima.com\/fotografo-buenos-aires#breadcrumb"},"inLanguage":"es","potentialAction":[{"@type":"ReadAction","target":["https:\/\/jadnalima.com\/fotografo-buenos-aires"]}]},{"@type":"ImageObject","inLanguage":"es","@id":"https:\/\/jadnalima.com\/fotografo-buenos-aires#primaryimage","url":"https:\/\/jadnalima.com\/wp-content\/uploads\/2022\/10\/fotografa_brasileira-buenos-aires-Jadna_lima-1-861x1024.jpg","contentUrl":"https:\/\/jadnalima.com\/wp-content\/uploads\/2022\/10\/fotografa_brasileira-buenos-aires-Jadna_lima-1-861x1024.jpg"},{"@type":"BreadcrumbList","@id":"https:\/\/jadnalima.com\/fotografo-buenos-aires#breadcrumb","itemListElement":[{"@type":"ListItem","position":1,"name":"In\u00edcio","item":"https:\/\/jadnalima.com\/"},{"@type":"ListItem","position":2,"name":"Sobre"}]},{"@type":"WebSite","@id":"https:\/\/jadnalima.com\/#website","url":"https:\/\/jadnalima.com\/","name":"Jadna Lima - Fot\u00f3grafo Brasileiro em Buenos Aires","description":"Jadna Lima fot\u00f3grafa brasileira em Buenos Aires. Ensaio casal, fam\u00edlia, grupos ou individual. Fotos casamento, elopement wedding, mini casamento e renova\u00e7\u00e3o de votos","potentialAction":[{"@type":"SearchAction","target":{"@type":"EntryPoint","urlTemplate":"https:\/\/jadnalima.com\/?s={search_term_string}"},"query-input":{"@type":"PropertyValueSpecification","valueRequired":true,"valueName":"search_term_string"}}],"inLanguage":"es"}]}},"_links":{"self":[{"href":"https:\/\/jadnalima.com\/es\/wp-json\/wp\/v2\/pages\/1886","targetHints":{"allow":["GET"]}}],"collection":[{"href":"https:\/\/jadnalima.com\/es\/wp-json\/wp\/v2\/pages"}],"about":[{"href":"https:\/\/jadnalima.com\/es\/wp-json\/wp\/v2\/types\/page"}],"author":[{"embeddable":true,"href":"https:\/\/jadnalima.com\/es\/wp-json\/wp\/v2\/users\/1"}],"replies":[{"embeddable":true,"href":"https:\/\/jadnalima.com\/es\/wp-json\/wp\/v2\/comments?post=1886"}],"version-history":[{"count":20,"href":"https:\/\/jadnalima.com\/es\/wp-json\/wp\/v2\/pages\/1886\/revisions"}],"predecessor-version":[{"id":11247,"href":"https:\/\/jadnalima.com\/es\/wp-json\/wp\/v2\/pages\/1886\/revisions\/11247"}],"wp:attachment":[{"href":"https:\/\/jadnalima.com\/es\/wp-json\/wp\/v2\/media?parent=1886"}],"curies":[{"name":"wp","href":"https:\/\/api.w.org\/{rel}","templated":true}]}}