{"id":1794,"date":"2020-05-05T10:56:36","date_gmt":"2020-05-05T10:56:36","guid":{"rendered":"https:\/\/newgenlab.com\/demp\/olbia-v2\/?page_id=1794"},"modified":"2022-08-11T15:21:51","modified_gmt":"2022-08-11T18:21:51","slug":"workshops","status":"publish","type":"page","link":"https:\/\/jadnalima.com\/es\/workshops","title":{"rendered":"Tienda"},"content":{"rendered":"<div data-elementor-type=\"wp-page\" data-elementor-id=\"1794\" class=\"elementor elementor-1794\">\n\t\t\t\t\t\t<section class=\"elementor-section elementor-top-section elementor-element elementor-element-7c9268da elementor-section-full_width elementor-section-height-default elementor-section-height-default\" data-id=\"7c9268da\" data-element_type=\"section\">\n\t\t\t\t\t\t<div class=\"elementor-container elementor-column-gap-no\">\n\t\t\t\t\t<div class=\"elementor-column elementor-col-100 elementor-top-column elementor-element elementor-element-75f2a085\" data-id=\"75f2a085\" data-element_type=\"column\">\n\t\t\t<div class=\"elementor-widget-wrap elementor-element-populated\">\n\t\t\t\t\t\t<div class=\"elementor-element elementor-element-c3d0c84 elementor-widget elementor-widget-heading\" data-id=\"c3d0c84\" data-element_type=\"widget\" data-widget_type=\"heading.default\">\n\t\t\t\t<div class=\"elementor-widget-container\">\n\t\t\t\t\t<h1 class=\"elementor-heading-title elementor-size-default\">TIENDA ONLINE<\/h1>\t\t\t\t<\/div>\n\t\t\t\t<\/div>\n\t\t\t\t\t<\/div>\n\t\t<\/div>\n\t\t\t\t\t<\/div>\n\t\t<\/section>\n\t\t\t\t<section class=\"elementor-section elementor-top-section elementor-element elementor-element-56ec8019 elementor-section-boxed elementor-section-height-default elementor-section-height-default\" data-id=\"56ec8019\" data-element_type=\"section\">\n\t\t\t\t\t\t<div class=\"elementor-container elementor-column-gap-default\">\n\t\t\t\t\t<div class=\"elementor-column elementor-col-100 elementor-top-column elementor-element elementor-element-54ee2dc4\" data-id=\"54ee2dc4\" data-element_type=\"column\">\n\t\t\t<div class=\"elementor-widget-wrap elementor-element-populated\">\n\t\t\t\t\t\t<div class=\"elementor-element elementor-element-d8dd931 elementor-widget elementor-widget-Olbia_Pricing_Widget\" data-id=\"d8dd931\" data-element_type=\"widget\" data-widget_type=\"Olbia_Pricing_Widget.default\">\n\t\t\t\t<div class=\"elementor-widget-container\">\n\t\t\t\t\t\n\t\t\t\t\t\t\t\t\t\t\t<div class=\"olbia-pricing olbia-pricing--two\">\n\t\t\t\t\t\t<div class=\"container\">\n\t\t\t\t\t\t\t<ul class=\"olbia-pricing__list\">\n\t\t\t\t\t\t\t\t\t\t\t\t\t\t\t\t\t<li class=\"olbia-pricing__item wow fadeIn\">\n\t\t\t\t\t\t\t\t\t\t<div class=\"olbia-pricing__content\">\n\n\t\t\t\t\t\t\t\t\t\t\t\t\t\t\t\t\t\t\t\t\t\t\t<h2 class=\"olbia-pricing__title\">\n\t\t\t\t\t\t\t\t\t\t\t\t\tVinho Personalizado\t\t\t\t\t\t\t\t\t\t\t\t<\/h2>\n\t\t\t\t\t\t\t\t\t\t\t\n\t\t\t\t\t\t\t\t\t\t\t\t\t\t\t\t\t\t\t\t\t\t\t<div class=\"olbia-pricing__desc\">\n\t\t\t\t\t\t\t\t\t\t\t\t\t<p>Tenho um vinho personalidade com seu nome;<\/p>\n\t\t\t\t\t\t\t\t\t\t\t\t<\/div>\n\t\t\t\t\t\t\t\t\t\t\t\n\t\t\t\t\t\t\t\t\t\t<\/div>\n\t\t\t\t\t\t\t\t\t\t<div class=\"olbia-pricing__info\">\n\n\t\t\t\t\t\t\t\t\t\t\t\t\t\t\t\t\t\t\t\t\t\t\t<div class=\"olbia-pricing__date\">\n\t\t\t\t\t\t\t\t\t\t\t\t\t\t\t\t\t\t\t\t\t\t\t\t\t<\/div>\n\t\t\t\t\t\t\t\t\t\t\t\n\t\t\t\t\t\t\t\t\t\t\t\t\t\t\t\t\t\t\t\t\t\t\t<div class=\"olbia-pricing__price\">\n\t\t\t\t\t\t\t\t\t\t\t\t\tR$ 140,00\t\t\t\t\t\t\t\t\t\t\t\t<\/div>\n\t\t\t\t\t\t\t\t\t\t\t\n\t\t\t\t\t\t\t\t\t\t\t\t\t\t\t\t\t\t\t\t\t\t\t<a href=\"https:\/\/jadnalima.com\/es\/contato-produto\/?product=garrafa\" class=\"link-contact\">\n\t\t\t\t\t\t\t\t\t\t\t\t\tCOMPRE AQUI\t\t\t\t\t\t\t\t\t\t\t\t<\/a>\n\t\t\t\t\t\t\t\t\t\t\t\t\t\t\t\t\t\t\t\t\t\t\n\t\t\t\t\t\t\t\t\t\t<\/div>\n\t\t\t\t\t\t\t\t\t<\/li>\n\t\t\t\t\t\t\t\t\t\t\t\t\t\t\t\t\t<li class=\"olbia-pricing__item wow fadeIn\">\n\t\t\t\t\t\t\t\t\t\t<div class=\"olbia-pricing__content\">\n\n\t\t\t\t\t\t\t\t\t\t\t\t\t\t\t\t\t\t\t\t\t\t\t<h2 class=\"olbia-pricing__title\">\n\t\t\t\t\t\t\t\t\t\t\t\t\tCaneca Buenos Aires\t\t\t\t\t\t\t\t\t\t\t\t<\/h2>\n\t\t\t\t\t\t\t\t\t\t\t\n\t\t\t\t\t\t\t\t\t\t\t\t\t\t\t\t\t\t\t\t\t\t\t<div class=\"olbia-pricing__desc\">\n\t\t\t\t\t\t\t\t\t\t\t\t\t<p>Linda Caneca personalizada<br \/>\n*exclusividade jadnalimaShop<\/p>\n\t\t\t\t\t\t\t\t\t\t\t\t<\/div>\n\t\t\t\t\t\t\t\t\t\t\t\n\t\t\t\t\t\t\t\t\t\t<\/div>\n\t\t\t\t\t\t\t\t\t\t<div class=\"olbia-pricing__info\">\n\n\t\t\t\t\t\t\t\t\t\t\t\t\t\t\t\t\t\t\t\t\t\t\t<div class=\"olbia-pricing__date\">\n\t\t\t\t\t\t\t\t\t\t\t\t\t\t\t\t\t\t\t\t\t\t\t\t\t<\/div>\n\t\t\t\t\t\t\t\t\t\t\t\n\t\t\t\t\t\t\t\t\t\t\t\t\t\t\t\t\t\t\t\t\t\t\t<div class=\"olbia-pricing__price\">\n\t\t\t\t\t\t\t\t\t\t\t\t\tR$ 60,00\t\t\t\t\t\t\t\t\t\t\t\t<\/div>\n\t\t\t\t\t\t\t\t\t\t\t\n\t\t\t\t\t\t\t\t\t\t\t\t\t\t\t\t\t\t\t\t\t\t\t<a href=\"https:\/\/jadnalima.com\/es\/contato-produto\/?product=caneca\" class=\"link-contact\">\n\t\t\t\t\t\t\t\t\t\t\t\t\tCOMPRE AQUI\t\t\t\t\t\t\t\t\t\t\t\t<\/a>\n\t\t\t\t\t\t\t\t\t\t\t\t\t\t\t\t\t\t\t\t\t\t\n\t\t\t\t\t\t\t\t\t\t<\/div>\n\t\t\t\t\t\t\t\t\t<\/li>\n\t\t\t\t\t\t\t\t\t\t\t\t\t\t\t\t\t<li class=\"olbia-pricing__item wow fadeIn\">\n\t\t\t\t\t\t\t\t\t\t<div class=\"olbia-pricing__content\">\n\n\t\t\t\t\t\t\t\t\t\t\t\t\t\t\t\t\t\t\t\t\t\t\t<h2 class=\"olbia-pricing__title\">\n\t\t\t\t\t\t\t\t\t\t\t\t\tPorta Retrato Buenos Aires\t\t\t\t\t\t\t\t\t\t\t\t<\/h2>\n\t\t\t\t\t\t\t\t\t\t\t\n\t\t\t\t\t\t\t\t\t\t\t\t\t\t\t\t\t\t\t\t\t\t\t<div class=\"olbia-pricing__desc\">\n\t\t\t\t\t\t\t\t\t\t\t\t\t<p>Lindo porta retrato.<br \/>\n*exclusividade jadnalimaShop<\/p>\n\t\t\t\t\t\t\t\t\t\t\t\t<\/div>\n\t\t\t\t\t\t\t\t\t\t\t\n\t\t\t\t\t\t\t\t\t\t<\/div>\n\t\t\t\t\t\t\t\t\t\t<div class=\"olbia-pricing__info\">\n\n\t\t\t\t\t\t\t\t\t\t\t\t\t\t\t\t\t\t\t\t\t\t\t<div class=\"olbia-pricing__date\">\n\t\t\t\t\t\t\t\t\t\t\t\t\t\t\t\t\t\t\t\t\t\t\t\t\t<\/div>\n\t\t\t\t\t\t\t\t\t\t\t\n\t\t\t\t\t\t\t\t\t\t\t\t\t\t\t\t\t\t\t\t\t\t\t<div class=\"olbia-pricing__price\">\n\t\t\t\t\t\t\t\t\t\t\t\t\tR$ 80,00\t\t\t\t\t\t\t\t\t\t\t\t<\/div>\n\t\t\t\t\t\t\t\t\t\t\t\n\t\t\t\t\t\t\t\t\t\t\t\t\t\t\t\t\t\t\t\t\t\t\t<a href=\"\" class=\"link-contact\">\n\t\t\t\t\t\t\t\t\t\t\t\t\tCOMPRE AQUI\t\t\t\t\t\t\t\t\t\t\t\t<\/a>\n\t\t\t\t\t\t\t\t\t\t\t\t\t\t\t\t\t\t\t\t\t\t\n\t\t\t\t\t\t\t\t\t\t<\/div>\n\t\t\t\t\t\t\t\t\t<\/li>\n\t\t\t\t\t\t\t\t\t\t\t\t\t\t\t\t\t<li class=\"olbia-pricing__item wow fadeIn\">\n\t\t\t\t\t\t\t\t\t\t<div class=\"olbia-pricing__content\">\n\n\t\t\t\t\t\t\t\t\t\t\t\t\t\t\t\t\t\t\t\t\t\t\t<h2 class=\"olbia-pricing__title\">\n\t\t\t\t\t\t\t\t\t\t\t\t\tBuqu\u00ea de Rosas\t\t\t\t\t\t\t\t\t\t\t\t<\/h2>\n\t\t\t\t\t\t\t\t\t\t\t\n\t\t\t\t\t\t\t\t\t\t\t\t\t\t\t\t\t\t\t\t\t\t\t<div class=\"olbia-pricing__desc\">\n\t\t\t\t\t\t\t\t\t\t\t\t\t<p>Surpreenda seu amor com lindo buqu\u00ea de rosas (6 bot\u00f5es)<\/p>\n\t\t\t\t\t\t\t\t\t\t\t\t<\/div>\n\t\t\t\t\t\t\t\t\t\t\t\n\t\t\t\t\t\t\t\t\t\t<\/div>\n\t\t\t\t\t\t\t\t\t\t<div class=\"olbia-pricing__info\">\n\n\t\t\t\t\t\t\t\t\t\t\t\t\t\t\t\t\t\t\t\t\t\t\t<div class=\"olbia-pricing__date\">\n\t\t\t\t\t\t\t\t\t\t\t\t\t\t\t\t\t\t\t\t\t\t\t\t\t<\/div>\n\t\t\t\t\t\t\t\t\t\t\t\n\t\t\t\t\t\t\t\t\t\t\t\t\t\t\t\t\t\t\t\t\t\t\t<div class=\"olbia-pricing__price\">\n\t\t\t\t\t\t\t\t\t\t\t\t\tR$ 160,00\t\t\t\t\t\t\t\t\t\t\t\t<\/div>\n\t\t\t\t\t\t\t\t\t\t\t\n\t\t\t\t\t\t\t\t\t\t\t\t\t\t\t\t\t\t\t\t\t\t\t<a href=\"https:\/\/jadnalima.com\/es\/contato-produto\/?product=buque-de-rosas\" class=\"link-contact\">\n\t\t\t\t\t\t\t\t\t\t\t\t\tCOMPRE AQUI\t\t\t\t\t\t\t\t\t\t\t\t<\/a>\n\t\t\t\t\t\t\t\t\t\t\t\t\t\t\t\t\t\t\t\t\t\t\n\t\t\t\t\t\t\t\t\t\t<\/div>\n\t\t\t\t\t\t\t\t\t<\/li>\n\t\t\t\t\t\t\t\t\t\t\t\t\t\t\t\t\t<li class=\"olbia-pricing__item wow fadeIn\">\n\t\t\t\t\t\t\t\t\t\t<div class=\"olbia-pricing__content\">\n\n\t\t\t\t\t\t\t\t\t\t\t\t\t\t\t\t\t\t\t\t\t\t\t<h2 class=\"olbia-pricing__title\">\n\t\t\t\t\t\t\t\t\t\t\t\t\tCesta Caf\u00e9 da Manh\u00e3\t\t\t\t\t\t\t\t\t\t\t\t<\/h2>\n\t\t\t\t\t\t\t\t\t\t\t\n\t\t\t\t\t\t\t\t\t\t\t\t\t\t\t\t\t\t\t\t\t\t\t<div class=\"olbia-pricing__desc\">\n\t\t\t\t\t\t\t\t\t\t\t\t\t<p>Receba no hotel um maravilho caf\u00e9 da manh\u00e3 tipicamente argentino<\/p>\n\t\t\t\t\t\t\t\t\t\t\t\t<\/div>\n\t\t\t\t\t\t\t\t\t\t\t\n\t\t\t\t\t\t\t\t\t\t<\/div>\n\t\t\t\t\t\t\t\t\t\t<div class=\"olbia-pricing__info\">\n\n\t\t\t\t\t\t\t\t\t\t\t\t\t\t\t\t\t\t\t\t\t\t\t<div class=\"olbia-pricing__date\">\n\t\t\t\t\t\t\t\t\t\t\t\t\t\t\t\t\t\t\t\t\t\t\t\t\t<\/div>\n\t\t\t\t\t\t\t\t\t\t\t\n\t\t\t\t\t\t\t\t\t\t\t\t\t\t\t\t\t\t\t\t\t\t\t<div class=\"olbia-pricing__price\">\n\t\t\t\t\t\t\t\t\t\t\t\t\tR$ 280,00\t\t\t\t\t\t\t\t\t\t\t\t<\/div>\n\t\t\t\t\t\t\t\t\t\t\t\n\t\t\t\t\t\t\t\t\t\t\t\t\t\t\t\t\t\t\t\t\t\t\t<a href=\"https:\/\/jadnalima.com\/es\/contato-produto\/?product=cafe-da-manha\" class=\"link-contact\">\n\t\t\t\t\t\t\t\t\t\t\t\t\tCOMPRE AQUI\t\t\t\t\t\t\t\t\t\t\t\t<\/a>\n\t\t\t\t\t\t\t\t\t\t\t\t\t\t\t\t\t\t\t\t\t\t\n\t\t\t\t\t\t\t\t\t\t<\/div>\n\t\t\t\t\t\t\t\t\t<\/li>\n\t\t\t\t\t\t\t\t\t\t\t\t\t\t\t\t\t<li class=\"olbia-pricing__item wow fadeIn\">\n\t\t\t\t\t\t\t\t\t\t<div class=\"olbia-pricing__content\">\n\n\t\t\t\t\t\t\t\t\t\t\t\t\t\t\t\t\t\t\t\t\t\t\t<h2 class=\"olbia-pricing__title\">\n\t\t\t\t\t\t\t\t\t\t\t\t\tKit Bal\u00f5es Decorativos\t\t\t\t\t\t\t\t\t\t\t\t<\/h2>\n\t\t\t\t\t\t\t\t\t\t\t\n\t\t\t\t\t\t\t\t\t\t\t\t\t\t\t\t\t\t\t\t\t\t\t<div class=\"olbia-pricing__desc\">\n\t\t\t\t\t\t\t\t\t\t\t\t\t<p>Kit Cont\u00e9m: 3 bal\u00f5es g\u00e1s h\u00e9lio; 1 saco p\u00e9talas de rosas; 3 velas; <\/p>\n\t\t\t\t\t\t\t\t\t\t\t\t<\/div>\n\t\t\t\t\t\t\t\t\t\t\t\n\t\t\t\t\t\t\t\t\t\t<\/div>\n\t\t\t\t\t\t\t\t\t\t<div class=\"olbia-pricing__info\">\n\n\t\t\t\t\t\t\t\t\t\t\t\t\t\t\t\t\t\t\t\t\t\t\t<div class=\"olbia-pricing__date\">\n\t\t\t\t\t\t\t\t\t\t\t\t\t\t\t\t\t\t\t\t\t\t\t\t\t<\/div>\n\t\t\t\t\t\t\t\t\t\t\t\n\t\t\t\t\t\t\t\t\t\t\t\t\t\t\t\t\t\t\t\t\t\t\t<div class=\"olbia-pricing__price\">\n\t\t\t\t\t\t\t\t\t\t\t\t\tR$ 80,00\t\t\t\t\t\t\t\t\t\t\t\t<\/div>\n\t\t\t\t\t\t\t\t\t\t\t\n\t\t\t\t\t\t\t\t\t\t\t\t\t\t\t\t\t\t\t\t\t\t\t<a href=\"https:\/\/jadnalima.com\/es\/contato-produto\/?product=baloes\" class=\"link-contact\">\n\t\t\t\t\t\t\t\t\t\t\t\t\tCOMPRE AQUI\t\t\t\t\t\t\t\t\t\t\t\t<\/a>\n\t\t\t\t\t\t\t\t\t\t\t\t\t\t\t\t\t\t\t\t\t\t\n\t\t\t\t\t\t\t\t\t\t<\/div>\n\t\t\t\t\t\t\t\t\t<\/li>\n\t\t\t\t\t\t\t\t\t\t\t\t\t\t\t\t\t<li class=\"olbia-pricing__item wow fadeIn\">\n\t\t\t\t\t\t\t\t\t\t<div class=\"olbia-pricing__content\">\n\n\t\t\t\t\t\t\t\t\t\t\t\t\t\t\t\t\t\t\t\t\t\t\t<h2 class=\"olbia-pricing__title\">\n\t\t\t\t\t\t\t\t\t\t\t\t\tFotos Polaroid\t\t\t\t\t\t\t\t\t\t\t\t<\/h2>\n\t\t\t\t\t\t\t\t\t\t\t\n\t\t\t\t\t\t\t\t\t\t\t\t\t\t\t\t\t\t\t\t\t\t\t<div class=\"olbia-pricing__desc\">\n\t\t\t\t\t\t\t\t\t\t\t\t\t<p>PRODUTO INDISPON\u00cdVEL <\/p>\n\t\t\t\t\t\t\t\t\t\t\t\t<\/div>\n\t\t\t\t\t\t\t\t\t\t\t\n\t\t\t\t\t\t\t\t\t\t<\/div>\n\t\t\t\t\t\t\t\t\t\t<div class=\"olbia-pricing__info\">\n\n\t\t\t\t\t\t\t\t\t\t\t\t\t\t\t\t\t\t\t\t\t\t\t<div class=\"olbia-pricing__date\">\n\t\t\t\t\t\t\t\t\t\t\t\t\t\t\t\t\t\t\t\t\t\t\t\t\t<\/div>\n\t\t\t\t\t\t\t\t\t\t\t\n\t\t\t\t\t\t\t\t\t\t\t\t\t\t\t\t\t\t\t\t\t\t\t<div class=\"olbia-pricing__price\">\n\t\t\t\t\t\t\t\t\t\t\t\t\tR$ 55,00\t\t\t\t\t\t\t\t\t\t\t\t<\/div>\n\t\t\t\t\t\t\t\t\t\t\t\n\t\t\t\t\t\t\t\t\t\t\t\t\t\t\t\t\t\t\t\t\t\t\t<a href=\"https:\/\/jadnalima.com\/es\/contato-produto\/?product=polaroid\" class=\"link-contact\">\n\t\t\t\t\t\t\t\t\t\t\t\t\tCOMPRE AQUI\t\t\t\t\t\t\t\t\t\t\t\t<\/a>\n\t\t\t\t\t\t\t\t\t\t\t\t\t\t\t\t\t\t\t\t\t\t\n\t\t\t\t\t\t\t\t\t\t<\/div>\n\t\t\t\t\t\t\t\t\t<\/li>\n\t\t\t\t\t\t\t\t\t\t\t\t\t\t\t<\/ul>\n\t\t\t\t\t\t<\/div>\n\t\t\t\t\t<\/div>\n\t\t\t\t\t\t\t\t\t\t\t\t\t\t<\/div>\n\t\t\t\t<\/div>\n\t\t\t\t\t<\/div>\n\t\t<\/div>\n\t\t\t\t\t<\/div>\n\t\t<\/section>\n\t\t\t\t<\/div>","protected":false},"excerpt":{"rendered":"<p>LOJA VIRTUAL Vinho Personalizado Tenho um vinho personalidade com seu nome; R$ 140,00 COMPRE AQUI Caneca Buenos Aires Linda Caneca personalizada *exclusividade jadnalimaShop R$ 60,00 COMPRE AQUI Porta Retrato Buenos Aires Lindo porta retrato. *exclusividade jadnalimaShop R$ 80,00 COMPRE AQUI Buqu\u00ea de Rosas Surpreenda seu amor com lindo buqu\u00ea de rosas (6 bot\u00f5es) R$ 160,00&#8230;<\/p>","protected":false},"author":1,"featured_media":0,"parent":0,"menu_order":0,"comment_status":"closed","ping_status":"closed","template":"","meta":{"footnotes":""},"class_list":["post-1794","page","type-page","status-publish","hentry"],"yoast_head":"<!-- This site is optimized with the Yoast SEO plugin v27.2 - https:\/\/yoast.com\/product\/yoast-seo-wordpress\/ -->\n<title>Loja - Jadna Lima - Fot\u00f3grafo Brasileiro em Buenos Aires<\/title>\n<meta name=\"description\" content=\"A fot\u00f3grafa Jadna Lima Brasileira, Alagoana, radicada em Buenos Aires. Retratando a vida e contando hist\u00f3rias de amor! Ainda n\u00e3o lhe conhe\u00e7o, mas acredito que o que te fez chegar aqui foi \u00e0 busca por um excelente fot\u00f3grafo brasileiro em Buenos Aires a fim de registrar sua viagem t\u00e3o especial. Se voc\u00ea quer viver uma...\" \/>\n<meta name=\"robots\" content=\"index, follow, max-snippet:-1, max-image-preview:large, max-video-preview:-1\" \/>\n<link rel=\"canonical\" href=\"https:\/\/jadnalima.com\/es\/workshops\/\" \/>\n<meta property=\"og:locale\" content=\"es_ES\" \/>\n<meta property=\"og:type\" content=\"article\" \/>\n<meta property=\"og:title\" content=\"Loja - Jadna Lima - Fot\u00f3grafo Brasileiro em Buenos Aires\" \/>\n<meta property=\"og:description\" content=\"A fot\u00f3grafa Jadna Lima Brasileira, Alagoana, radicada em Buenos Aires. Retratando a vida e contando hist\u00f3rias de amor! Ainda n\u00e3o lhe conhe\u00e7o, mas acredito que o que te fez chegar aqui foi \u00e0 busca por um excelente fot\u00f3grafo brasileiro em Buenos Aires a fim de registrar sua viagem t\u00e3o especial. Se voc\u00ea quer viver uma...\" \/>\n<meta property=\"og:url\" content=\"https:\/\/jadnalima.com\/es\/workshops\/\" \/>\n<meta property=\"og:site_name\" content=\"Jadna Lima - Fot\u00f3grafo Brasileiro em Buenos Aires\" \/>\n<meta property=\"article:modified_time\" content=\"2022-08-11T18:21:51+00:00\" \/>\n<meta name=\"twitter:card\" content=\"summary_large_image\" \/>\n<meta name=\"twitter:label1\" content=\"Tiempo de lectura\" \/>\n\t<meta name=\"twitter:data1\" content=\"1 minuto\" \/>\n<script type=\"application\/ld+json\" class=\"yoast-schema-graph\">{\"@context\":\"https:\/\/schema.org\",\"@graph\":[{\"@type\":\"WebPage\",\"@id\":\"https:\/\/jadnalima.com\/workshops\",\"url\":\"https:\/\/jadnalima.com\/workshops\",\"name\":\"Loja - Jadna Lima - Fot\u00f3grafo Brasileiro em Buenos Aires\",\"isPartOf\":{\"@id\":\"https:\/\/jadnalima.com\/#website\"},\"datePublished\":\"2020-05-05T10:56:36+00:00\",\"dateModified\":\"2022-08-11T18:21:51+00:00\",\"description\":\"A fot\u00f3grafa Jadna Lima Brasileira, Alagoana, radicada em Buenos Aires. Retratando a vida e contando hist\u00f3rias de amor! Ainda n\u00e3o lhe conhe\u00e7o, mas acredito que o que te fez chegar aqui foi \u00e0 busca por um excelente fot\u00f3grafo brasileiro em Buenos Aires a fim de registrar sua viagem t\u00e3o especial. Se voc\u00ea quer viver uma...\",\"breadcrumb\":{\"@id\":\"https:\/\/jadnalima.com\/workshops#breadcrumb\"},\"inLanguage\":\"es\",\"potentialAction\":[{\"@type\":\"ReadAction\",\"target\":[\"https:\/\/jadnalima.com\/workshops\"]}]},{\"@type\":\"BreadcrumbList\",\"@id\":\"https:\/\/jadnalima.com\/workshops#breadcrumb\",\"itemListElement\":[{\"@type\":\"ListItem\",\"position\":1,\"name\":\"In\u00edcio\",\"item\":\"https:\/\/jadnalima.com\/\"},{\"@type\":\"ListItem\",\"position\":2,\"name\":\"Loja\"}]},{\"@type\":\"WebSite\",\"@id\":\"https:\/\/jadnalima.com\/#website\",\"url\":\"https:\/\/jadnalima.com\/\",\"name\":\"Jadna Lima - Fot\u00f3grafo Brasileiro em Buenos Aires\",\"description\":\"Jadna Lima fot\u00f3grafa brasileira em Buenos Aires. Ensaio casal, fam\u00edlia, grupos ou individual. Fotos casamento, elopement wedding, mini casamento e renova\u00e7\u00e3o de votos\",\"potentialAction\":[{\"@type\":\"SearchAction\",\"target\":{\"@type\":\"EntryPoint\",\"urlTemplate\":\"https:\/\/jadnalima.com\/?s={search_term_string}\"},\"query-input\":{\"@type\":\"PropertyValueSpecification\",\"valueRequired\":true,\"valueName\":\"search_term_string\"}}],\"inLanguage\":\"es\"}]}<\/script>\n<!-- \/ Yoast SEO plugin. -->","yoast_head_json":{"title":"Loja - Jadna Lima - Fot\u00f3grafo Brasileiro em Buenos Aires","description":"A fot\u00f3grafa Jadna Lima Brasileira, Alagoana, radicada em Buenos Aires. Retratando a vida e contando hist\u00f3rias de amor! Ainda n\u00e3o lhe conhe\u00e7o, mas acredito que o que te fez chegar aqui foi \u00e0 busca por um excelente fot\u00f3grafo brasileiro em Buenos Aires a fim de registrar sua viagem t\u00e3o especial. Se voc\u00ea quer viver uma...","robots":{"index":"index","follow":"follow","max-snippet":"max-snippet:-1","max-image-preview":"max-image-preview:large","max-video-preview":"max-video-preview:-1"},"canonical":"https:\/\/jadnalima.com\/es\/workshops\/","og_locale":"es_ES","og_type":"article","og_title":"Loja - Jadna Lima - Fot\u00f3grafo Brasileiro em Buenos Aires","og_description":"A fot\u00f3grafa Jadna Lima Brasileira, Alagoana, radicada em Buenos Aires. Retratando a vida e contando hist\u00f3rias de amor! Ainda n\u00e3o lhe conhe\u00e7o, mas acredito que o que te fez chegar aqui foi \u00e0 busca por um excelente fot\u00f3grafo brasileiro em Buenos Aires a fim de registrar sua viagem t\u00e3o especial. Se voc\u00ea quer viver uma...","og_url":"https:\/\/jadnalima.com\/es\/workshops\/","og_site_name":"Jadna Lima - Fot\u00f3grafo Brasileiro em Buenos Aires","article_modified_time":"2022-08-11T18:21:51+00:00","twitter_card":"summary_large_image","twitter_misc":{"Tiempo de lectura":"1 minuto"},"schema":{"@context":"https:\/\/schema.org","@graph":[{"@type":"WebPage","@id":"https:\/\/jadnalima.com\/workshops","url":"https:\/\/jadnalima.com\/workshops","name":"Loja - Jadna Lima - Fot\u00f3grafo Brasileiro em Buenos Aires","isPartOf":{"@id":"https:\/\/jadnalima.com\/#website"},"datePublished":"2020-05-05T10:56:36+00:00","dateModified":"2022-08-11T18:21:51+00:00","description":"A fot\u00f3grafa Jadna Lima Brasileira, Alagoana, radicada em Buenos Aires. Retratando a vida e contando hist\u00f3rias de amor! Ainda n\u00e3o lhe conhe\u00e7o, mas acredito que o que te fez chegar aqui foi \u00e0 busca por um excelente fot\u00f3grafo brasileiro em Buenos Aires a fim de registrar sua viagem t\u00e3o especial. Se voc\u00ea quer viver uma...","breadcrumb":{"@id":"https:\/\/jadnalima.com\/workshops#breadcrumb"},"inLanguage":"es","potentialAction":[{"@type":"ReadAction","target":["https:\/\/jadnalima.com\/workshops"]}]},{"@type":"BreadcrumbList","@id":"https:\/\/jadnalima.com\/workshops#breadcrumb","itemListElement":[{"@type":"ListItem","position":1,"name":"In\u00edcio","item":"https:\/\/jadnalima.com\/"},{"@type":"ListItem","position":2,"name":"Loja"}]},{"@type":"WebSite","@id":"https:\/\/jadnalima.com\/#website","url":"https:\/\/jadnalima.com\/","name":"Jadna Lima - Fot\u00f3grafo Brasileiro em Buenos Aires","description":"Jadna Lima fot\u00f3grafa brasileira em Buenos Aires. Ensaio casal, fam\u00edlia, grupos ou individual. Fotos casamento, elopement wedding, mini casamento e renova\u00e7\u00e3o de votos","potentialAction":[{"@type":"SearchAction","target":{"@type":"EntryPoint","urlTemplate":"https:\/\/jadnalima.com\/?s={search_term_string}"},"query-input":{"@type":"PropertyValueSpecification","valueRequired":true,"valueName":"search_term_string"}}],"inLanguage":"es"}]}},"_links":{"self":[{"href":"https:\/\/jadnalima.com\/es\/wp-json\/wp\/v2\/pages\/1794","targetHints":{"allow":["GET"]}}],"collection":[{"href":"https:\/\/jadnalima.com\/es\/wp-json\/wp\/v2\/pages"}],"about":[{"href":"https:\/\/jadnalima.com\/es\/wp-json\/wp\/v2\/types\/page"}],"author":[{"embeddable":true,"href":"https:\/\/jadnalima.com\/es\/wp-json\/wp\/v2\/users\/1"}],"replies":[{"embeddable":true,"href":"https:\/\/jadnalima.com\/es\/wp-json\/wp\/v2\/comments?post=1794"}],"version-history":[{"count":119,"href":"https:\/\/jadnalima.com\/es\/wp-json\/wp\/v2\/pages\/1794\/revisions"}],"predecessor-version":[{"id":11231,"href":"https:\/\/jadnalima.com\/es\/wp-json\/wp\/v2\/pages\/1794\/revisions\/11231"}],"wp:attachment":[{"href":"https:\/\/jadnalima.com\/es\/wp-json\/wp\/v2\/media?parent=1794"}],"curies":[{"name":"wp","href":"https:\/\/api.w.org\/{rel}","templated":true}]}}